{"id":26782,"date":"2023-12-20T15:54:22","date_gmt":"2023-12-20T14:54:22","guid":{"rendered":"https:\/\/gruene-flotte.com\/wohnmobil\/?page_id=26782"},"modified":"2026-03-02T10:52:18","modified_gmt":"2026-03-02T09:52:18","slug":"erklaervideos","status":"publish","type":"page","link":"https:\/\/gruene-flotte.com\/wohnmobil\/erklaervideos\/","title":{"rendered":"Erkl\u00e4rvideos"},"content":{"rendered":"<p>[et_pb_section fb_built=&#8220;1&#8243; fullwidth=&#8220;on&#8220; admin_label=&#8220;Header ohne Hintergrundbild&#8220; _builder_version=&#8220;4.23.4&#8243; _module_preset=&#8220;default&#8220; height_tablet=&#8220;80vh&#8220; height_phone=&#8220;50vh&#8220; height_last_edited=&#8220;off|phone&#8220; custom_padding=&#8220;||0px|||&#8220; locked=&#8220;off&#8220; collapsed=&#8220;off&#8220; global_colors_info=&#8220;{}&#8220;][et_pb_fullwidth_header admin_label=&#8220;Vollbreite Kopfzeile&#8220; _builder_version=&#8220;4.27.4&#8243; _module_preset=&#8220;default&#8220; subhead_font=&#8220;|||on|||||&#8220; subhead_letter_spacing=&#8220;2px&#8220; subhead_line_height=&#8220;1.2em&#8220; background_color=&#8220;#f7a600&#8243; custom_margin=&#8220;||||false|false&#8220; custom_padding=&#8220;180px||||false|false&#8220; custom_padding_tablet=&#8220;80px||80px||false|false&#8220; custom_padding_phone=&#8220;110px||10px||false|false&#8220; custom_padding_last_edited=&#8220;on|phone&#8220; global_colors_info=&#8220;{}&#8220;]<\/p>\n<h3>Gr\u00fcne Flotte Wohnmobil<\/h3>\n<h1>Erkl\u00e4rvideos<\/h1>\n<p>[\/et_pb_fullwidth_header][\/et_pb_section][et_pb_section fb_built=&#8220;1&#8243; custom_padding_last_edited=&#8220;on|phone&#8220; admin_label=&#8220;Erkl\u00e4rvideos&#8220; module_id=&#8220;erklaervideos&#8220; _builder_version=&#8220;4.27.4&#8243; _module_preset=&#8220;default&#8220; background_color=&#8220;#FFFFFF&#8220; custom_padding_tablet=&#8220;&#8220; custom_padding_phone=&#8220;|30px||30px|false|false&#8220; locked=&#8220;off&#8220; collapsed=&#8220;off&#8220; global_colors_info=&#8220;{}&#8220;][et_pb_row column_structure=&#8220;1_2,1_2&#8243; custom_padding_last_edited=&#8220;on|phone&#8220; _builder_version=&#8220;4.27.4&#8243; _module_preset=&#8220;default&#8220; width_tablet=&#8220;&#8220; width_phone=&#8220;100%&#8220; width_last_edited=&#8220;on|phone&#8220; custom_padding=&#8220;0px||0px||false|false&#8220; custom_padding_tablet=&#8220;&#8220; custom_padding_phone=&#8220;||30px||false|false&#8220; global_colors_info=&#8220;{}&#8220;][et_pb_column type=&#8220;1_2&#8243; _builder_version=&#8220;4.18.1&#8243; _module_preset=&#8220;default&#8220; global_colors_info=&#8220;{}&#8220;][et_pb_text _builder_version=&#8220;4.19.0&#8243; _module_preset=&#8220;default&#8220; global_colors_info=&#8220;{}&#8220;]<\/p>\n<h3><span style=\"font-weight: 400;\">Camping Grundausstattung<\/span><\/h3>\n<p>[\/et_pb_text][et_pb_video src=&#8220;https:\/\/youtu.be\/xqZgd6kpnLY&#8220; _builder_version=&#8220;4.19.0&#8243; _module_preset=&#8220;default&#8220; global_colors_info=&#8220;{}&#8220;][\/et_pb_video][\/et_pb_column][et_pb_column type=&#8220;1_2&#8243; _builder_version=&#8220;4.18.1&#8243; _module_preset=&#8220;default&#8220; global_colors_info=&#8220;{}&#8220;][et_pb_text _builder_version=&#8220;4.19.0&#8243; _module_preset=&#8220;default&#8220; global_colors_info=&#8220;{}&#8220;]<\/p>\n<h3><span style=\"font-weight: 400;\">Das Bedienterminal (Neues Model)<\/span><\/h3>\n<p>[\/et_pb_text][et_pb_video src=&#8220;https:\/\/youtu.be\/dhfesK-7Z5Y&#8220; _builder_version=&#8220;4.19.0&#8243; _module_preset=&#8220;default&#8220; global_colors_info=&#8220;{}&#8220;][\/et_pb_video][\/et_pb_column][\/et_pb_row][et_pb_row column_structure=&#8220;1_2,1_2&#8243; custom_padding_last_edited=&#8220;on|phone&#8220; _builder_version=&#8220;4.23.4&#8243; _module_preset=&#8220;default&#8220; width_tablet=&#8220;&#8220; width_phone=&#8220;100%&#8220; width_last_edited=&#8220;on|phone&#8220; custom_padding_tablet=&#8220;&#8220; custom_padding_phone=&#8220;0px||30px||false|false&#8220; global_colors_info=&#8220;{}&#8220;][et_pb_column type=&#8220;1_2&#8243; _builder_version=&#8220;4.18.1&#8243; _module_preset=&#8220;default&#8220; global_colors_info=&#8220;{}&#8220;][et_pb_text _builder_version=&#8220;4.19.0&#8243; _module_preset=&#8220;default&#8220; global_colors_info=&#8220;{}&#8220;]<\/p>\n<h3><span style=\"font-weight: 400;\">Umbau der Sitzbank<\/span><\/h3>\n<p>[\/et_pb_text][et_pb_video src=&#8220;https:\/\/youtu.be\/oV6b-zwOBxw&#8220; _builder_version=&#8220;4.19.0&#8243; _module_preset=&#8220;default&#8220; global_colors_info=&#8220;{}&#8220;][\/et_pb_video][\/et_pb_column][et_pb_column type=&#8220;1_2&#8243; _builder_version=&#8220;4.18.1&#8243; _module_preset=&#8220;default&#8220; global_colors_info=&#8220;{}&#8220;][et_pb_text _builder_version=&#8220;4.19.0&#8243; _module_preset=&#8220;default&#8220; global_colors_info=&#8220;{}&#8220;]<\/p>\n<h3><span style=\"font-weight: 400;\">Liegefl\u00e4chen, Frisch- und Abwasser<\/span><\/h3>\n<p>[\/et_pb_text][et_pb_video src=&#8220;https:\/\/youtu.be\/rj4aR-L9hco&#8220; _builder_version=&#8220;4.19.0&#8243; _module_preset=&#8220;default&#8220; global_colors_info=&#8220;{}&#8220;][\/et_pb_video][\/et_pb_column][\/et_pb_row][et_pb_row column_structure=&#8220;1_2,1_2&#8243; custom_padding_last_edited=&#8220;on|phone&#8220; _builder_version=&#8220;4.23.4&#8243; _module_preset=&#8220;default&#8220; width_tablet=&#8220;&#8220; width_phone=&#8220;100%&#8220; width_last_edited=&#8220;on|phone&#8220; custom_padding_tablet=&#8220;&#8220; custom_padding_phone=&#8220;0px||30px||false|false&#8220; global_colors_info=&#8220;{}&#8220;][et_pb_column type=&#8220;1_2&#8243; _builder_version=&#8220;4.18.1&#8243; _module_preset=&#8220;default&#8220; global_colors_info=&#8220;{}&#8220;][et_pb_text _builder_version=&#8220;4.19.0&#8243; _module_preset=&#8220;default&#8220; global_colors_info=&#8220;{}&#8220;]<\/p>\n<h3><span style=\"font-weight: 400;\">Wie wird das Aufstelldach aufgestellt?<\/span><\/h3>\n<p>[\/et_pb_text][et_pb_video src=&#8220;https:\/\/youtu.be\/rJCMIIgwfLA&#8220; _builder_version=&#8220;4.19.0&#8243; _module_preset=&#8220;default&#8220; global_colors_info=&#8220;{}&#8220;][\/et_pb_video][\/et_pb_column][et_pb_column type=&#8220;1_2&#8243; _builder_version=&#8220;4.18.1&#8243; _module_preset=&#8220;default&#8220; global_colors_info=&#8220;{}&#8220;][et_pb_text _builder_version=&#8220;4.19.0&#8243; _module_preset=&#8220;default&#8220; global_colors_info=&#8220;{}&#8220;]<\/p>\n<h3><span style=\"font-weight: 400;\">Auf- und Abbau der Markise<\/span><\/h3>\n<p>[\/et_pb_text][et_pb_video src=&#8220;https:\/\/youtu.be\/twARFhd_5YE&#8220; _builder_version=&#8220;4.19.0&#8243; _module_preset=&#8220;default&#8220; global_colors_info=&#8220;{}&#8220;][\/et_pb_video][\/et_pb_column][\/et_pb_row][et_pb_row column_structure=&#8220;1_2,1_2&#8243; custom_padding_last_edited=&#8220;on|phone&#8220; _builder_version=&#8220;4.23.4&#8243; _module_preset=&#8220;default&#8220; width_tablet=&#8220;&#8220; width_phone=&#8220;100%&#8220; width_last_edited=&#8220;on|phone&#8220; custom_padding_tablet=&#8220;&#8220; custom_padding_phone=&#8220;0px||30px||false|false&#8220; global_colors_info=&#8220;{}&#8220;][et_pb_column type=&#8220;1_2&#8243; _builder_version=&#8220;4.18.1&#8243; _module_preset=&#8220;default&#8220; global_colors_info=&#8220;{}&#8220;][et_pb_text _builder_version=&#8220;4.19.0&#8243; _module_preset=&#8220;default&#8220; global_colors_info=&#8220;{}&#8220;]<\/p>\n<h3><span style=\"font-weight: 400;\">Wie funktioniert die Boardtoilette?<\/span><\/h3>\n<p>[\/et_pb_text][et_pb_video src=&#8220;https:\/\/youtu.be\/u9xZJIJS_00&#8243; _builder_version=&#8220;4.19.0&#8243; _module_preset=&#8220;default&#8220; global_colors_info=&#8220;{}&#8220;][\/et_pb_video][\/et_pb_column][et_pb_column type=&#8220;1_2&#8243; _builder_version=&#8220;4.18.1&#8243; _module_preset=&#8220;default&#8220; global_colors_info=&#8220;{}&#8220;][et_pb_text _builder_version=&#8220;4.19.0&#8243; _module_preset=&#8220;default&#8220; global_colors_info=&#8220;{}&#8220;]<\/p>\n<h3><span style=\"font-weight: 400;\">Informationen im Handschuhfach<\/span><\/h3>\n<p>[\/et_pb_text][et_pb_video src=&#8220;https:\/\/youtu.be\/CSlCo6j9hug&#8220; _builder_version=&#8220;4.19.0&#8243; _module_preset=&#8220;default&#8220; global_colors_info=&#8220;{}&#8220;][\/et_pb_video][\/et_pb_column][\/et_pb_row][et_pb_row column_structure=&#8220;1_2,1_2&#8243; custom_padding_last_edited=&#8220;on|phone&#8220; _builder_version=&#8220;4.23.4&#8243; _module_preset=&#8220;default&#8220; width_tablet=&#8220;&#8220; width_phone=&#8220;100%&#8220; width_last_edited=&#8220;on|phone&#8220; custom_padding_tablet=&#8220;&#8220; custom_padding_phone=&#8220;0px||30px||false|false&#8220; global_colors_info=&#8220;{}&#8220;][et_pb_column type=&#8220;1_2&#8243; _builder_version=&#8220;4.18.1&#8243; _module_preset=&#8220;default&#8220; global_colors_info=&#8220;{}&#8220;][et_pb_text _builder_version=&#8220;4.19.0&#8243; _module_preset=&#8220;default&#8220; global_colors_info=&#8220;{}&#8220;]<\/p>\n<h3><span style=\"font-weight: 400;\">Wohnmobil Roller Team<\/span><\/h3>\n<p>[\/et_pb_text][et_pb_video src=&#8220;https:\/\/youtu.be\/PQdCR4ZBO1c&#8220; _builder_version=&#8220;4.19.0&#8243; _module_preset=&#8220;default&#8220; global_colors_info=&#8220;{}&#8220;][\/et_pb_video][\/et_pb_column][et_pb_column type=&#8220;1_2&#8243; disabled_on=&#8220;on|off|off&#8220; _builder_version=&#8220;4.23.4&#8243; _module_preset=&#8220;default&#8220; global_colors_info=&#8220;{}&#8220;][\/et_pb_column][\/et_pb_row][\/et_pb_section][et_pb_section fb_built=&#8220;1&#8243; custom_padding_last_edited=&#8220;on|phone&#8220; admin_label=&#8220;Footer&#8220; module_id=&#8220;kaufberatung&#8220; _builder_version=&#8220;4.27.4&#8243; _module_preset=&#8220;default&#8220; background_color=&#8220;#f7a600&#8243; z_index=&#8220;197&#8243; custom_padding=&#8220;13px||26px|||&#8220; custom_padding_tablet=&#8220;13px||26px|||&#8220; custom_padding_phone=&#8220;50px|30px|50px|30px|false|false&#8220; hover_enabled=&#8220;0&#8243; locked=&#8220;off&#8220; collapsed=&#8220;off&#8220; global_colors_info=&#8220;{}&#8220; sticky_enabled=&#8220;0&#8243;][et_pb_row column_structure=&#8220;1_2,1_2&#8243; custom_padding_last_edited=&#8220;on|phone&#8220; _builder_version=&#8220;4.23.4&#8243; _module_preset=&#8220;default&#8220; width_tablet=&#8220;&#8220; width_phone=&#8220;100%&#8220; width_last_edited=&#8220;on|phone&#8220; custom_padding_tablet=&#8220;&#8220; custom_padding_phone=&#8220;0px||0px||false|false&#8220; border_color_all=&#8220;RGBA(255,255,255,0)&#8220; locked=&#8220;off&#8220; global_colors_info=&#8220;{}&#8220;][et_pb_column type=&#8220;1_2&#8243; _builder_version=&#8220;4.19.0&#8243; _module_preset=&#8220;default&#8220; global_colors_info=&#8220;{}&#8220;][et_pb_text _builder_version=&#8220;4.27.4&#8243; _module_preset=&#8220;default&#8220; text_font=&#8220;|||on|||||&#8220; text_text_color=&#8220;#FFFFFF&#8220; text_letter_spacing=&#8220;2px&#8220; header_2_text_color=&#8220;#FFFFFF&#8220; header_3_text_color=&#8220;#FFFFFF&#8220; hover_enabled=&#8220;0&#8243; global_colors_info=&#8220;{}&#8220; sticky_enabled=&#8220;0&#8243;]<\/p>\n<h2>Ihre Ansprechpartner<\/h2>\n<p>F\u00fcr alle Informationen rund um unsere Camper.[\/et_pb_text][\/et_pb_column][et_pb_column type=&#8220;1_2&#8243; _builder_version=&#8220;4.19.0&#8243; _module_preset=&#8220;default&#8220; link_option_url_new_window=&#8220;on&#8220; global_colors_info=&#8220;{}&#8220;][et_pb_blurb title=&#8220;Kevin &#038; Sabine&#8220; image=&#8220;https:\/\/gruene-flotte.com\/wohnmobil\/wp-content\/uploads\/sites\/2\/2026\/03\/kevin-sabine.png&#8220; icon_placement=&#8220;left&#8220; admin_label=&#8220;Informationstext&#8220; _builder_version=&#8220;4.27.4&#8243; _module_preset=&#8220;default&#8220; header_font=&#8220;|700|||||||&#8220; header_text_color=&#8220;#FFFFFF&#8220; body_text_color=&#8220;#FFFFFF&#8220; body_link_text_color=&#8220;#FFFFFF&#8220; image_icon_custom_margin=&#8220;|15px|||false|false&#8220; custom_margin=&#8220;5px||5px||false|false&#8220; animation=&#8220;off&#8220; hover_enabled=&#8220;0&#8243; custom_css_blurb_title=&#8220;padding-bottom:0px !important;||margin-top: 10px&#8220; border_color_all_image=&#8220;RGBA(255,255,255,0)&#8220; global_colors_info=&#8220;{}&#8220; sticky_enabled=&#8220;0&#8243; title_text=&#8220;kevin-sabine&#8220; image_icon_width=&#8220;160px&#8220; custom_css_main_element_last_edited=&#8220;off|desktop&#8220; custom_css_free_form=&#8220;@media screen and (max-width: 875px) {||.gf-camper-contact-banner .et_pb_blurb_content{||  display: flex;||\tflex-direction: column;||  width: 100%;||  justify-content: center;||  align-items: center;||}||||.gf-camper-contact-banner .et_pb_main_blurb_image {||  margin-bottom: 10px;||}||}&#8220; module_class=&#8220;gf-camper-contact-banner&#8220; custom_css_blurb_title_last_edited=&#8220;on|phone&#8220; custom_css_blurb_title_phone=&#8220;margin-top: 0px;||padding-bottom: 0px;&#8220; header_text_align_last_edited=&#8220;on|phone&#8220; header_text_align_phone=&#8220;center&#8220; body_text_align_last_edited=&#8220;on|phone&#8220; body_text_align_phone=&#8220;center&#8220; image_icon_width_last_edited=&#8220;on|phone&#8220; image_icon_width_phone=&#8220;180px&#8220; icon_placement_last_edited=&#8220;on|phone&#8220; icon_placement_phone=&#8220;top&#8220; custom_css_blurb_title_tablet=&#8220;padding-bottom:0px !important;||margin-top: 10px&#8220; image_icon_width_tablet=&#8220;160px&#8220; icon_placement_tablet=&#8220;left&#8220;]<\/p>\n<p><a href=\"mailto:camper@gruene-flotte.com\">camper@gruene-flotte.com<\/a><br \/><a href=\"tel:07681474008-0\">07681 474 008-0<\/a><\/p>\n<p>[\/et_pb_blurb][\/et_pb_column][\/et_pb_row][\/et_pb_section]<\/p>\n","protected":false},"excerpt":{"rendered":"<p>Gr\u00fcne Flotte Wohnmobil Erkl\u00e4rvideosCamping GrundausstattungDas Bedienterminal (Neues Model)Umbau der SitzbankLiegefl\u00e4chen, Frisch- und AbwasserWie wird das Aufstelldach aufgestellt?Auf- und Abbau der MarkiseWie funktioniert die Boardtoilette?Informationen im HandschuhfachWohnmobil Roller TeamIhre Ansprechpartner F\u00fcr alle Informationen rund um unsere Camper.camper@gruene-flotte.com07681 474 008-0<\/p>\n","protected":false},"author":1,"featured_media":0,"parent":0,"menu_order":0,"comment_status":"closed","ping_status":"closed","template":"","meta":{"_acf_changed":false,"_et_pb_use_builder":"on","_et_pb_old_content":"","_et_gb_content_width":"","inline_featured_image":false,"footnotes":""},"class_list":["post-26782","page","type-page","status-publish","hentry"],"acf":[],"yoast_head":"<!-- This site is optimized with the Yoast SEO plugin v24.0 - https:\/\/yoast.com\/wordpress\/plugins\/seo\/ -->\n<title>Erkl\u00e4rvideos - Gr\u00fcne Flotte Wohnmobil<\/title>\n<meta name=\"robots\" content=\"index, follow, max-snippet:-1, max-image-preview:large, max-video-preview:-1\" \/>\n<link rel=\"canonical\" href=\"https:\/\/gruene-flotte.com\/wohnmobil\/erklaervideos\/\" \/>\n<meta property=\"og:locale\" content=\"de_DE\" \/>\n<meta property=\"og:type\" content=\"article\" \/>\n<meta property=\"og:title\" content=\"Erkl\u00e4rvideos - Gr\u00fcne Flotte Wohnmobil\" \/>\n<meta property=\"og:description\" content=\"Gr\u00fcne Flotte Wohnmobil Erkl\u00e4rvideosCamping GrundausstattungDas Bedienterminal (Neues Model)Umbau der SitzbankLiegefl\u00e4chen, Frisch- und AbwasserWie wird das Aufstelldach aufgestellt?Auf- und Abbau der MarkiseWie funktioniert die Boardtoilette?Informationen im HandschuhfachWohnmobil Roller TeamIhre Ansprechpartner F\u00fcr alle Informationen rund um unsere Camper.camper@gruene-flotte.com07681 474 008-0\" \/>\n<meta property=\"og:url\" content=\"https:\/\/gruene-flotte.com\/wohnmobil\/erklaervideos\/\" \/>\n<meta property=\"og:site_name\" content=\"Gr\u00fcne Flotte Wohnmobil\" \/>\n<meta property=\"article:modified_time\" content=\"2026-03-02T09:52:18+00:00\" \/>\n<meta name=\"twitter:card\" content=\"summary_large_image\" \/>\n<meta name=\"twitter:label1\" content=\"Gesch\u00e4tzte Lesezeit\" \/>\n\t<meta name=\"twitter:data1\" content=\"1\u00a0Minute\" \/>\n<script type=\"application\/ld+json\" class=\"yoast-schema-graph\">{\"@context\":\"https:\/\/schema.org\",\"@graph\":[{\"@type\":\"WebPage\",\"@id\":\"https:\/\/gruene-flotte.com\/wohnmobil\/erklaervideos\/\",\"url\":\"https:\/\/gruene-flotte.com\/wohnmobil\/erklaervideos\/\",\"name\":\"Erkl\u00e4rvideos - Gr\u00fcne Flotte Wohnmobil\",\"isPartOf\":{\"@id\":\"https:\/\/gruene-flotte.com\/wohnmobil\/#website\"},\"datePublished\":\"2023-12-20T14:54:22+00:00\",\"dateModified\":\"2026-03-02T09:52:18+00:00\",\"breadcrumb\":{\"@id\":\"https:\/\/gruene-flotte.com\/wohnmobil\/erklaervideos\/#breadcrumb\"},\"inLanguage\":\"de\",\"potentialAction\":[{\"@type\":\"ReadAction\",\"target\":[\"https:\/\/gruene-flotte.com\/wohnmobil\/erklaervideos\/\"]}]},{\"@type\":\"BreadcrumbList\",\"@id\":\"https:\/\/gruene-flotte.com\/wohnmobil\/erklaervideos\/#breadcrumb\",\"itemListElement\":[{\"@type\":\"ListItem\",\"position\":1,\"name\":\"Startseite\",\"item\":\"https:\/\/gruene-flotte.com\/wohnmobil\/\"},{\"@type\":\"ListItem\",\"position\":2,\"name\":\"Erkl\u00e4rvideos\"}]},{\"@type\":\"WebSite\",\"@id\":\"https:\/\/gruene-flotte.com\/wohnmobil\/#website\",\"url\":\"https:\/\/gruene-flotte.com\/wohnmobil\/\",\"name\":\"Gr\u00fcne Flotte Wohnmobil\",\"description\":\"Wohnmobilvermietung\",\"publisher\":{\"@id\":\"https:\/\/gruene-flotte.com\/wohnmobil\/#organization\"},\"potentialAction\":[{\"@type\":\"SearchAction\",\"target\":{\"@type\":\"EntryPoint\",\"urlTemplate\":\"https:\/\/gruene-flotte.com\/wohnmobil\/?s={search_term_string}\"},\"query-input\":{\"@type\":\"PropertyValueSpecification\",\"valueRequired\":true,\"valueName\":\"search_term_string\"}}],\"inLanguage\":\"de\"},{\"@type\":\"Organization\",\"@id\":\"https:\/\/gruene-flotte.com\/wohnmobil\/#organization\",\"name\":\"Gr\u00fcne Flotte Wohnmobil\",\"url\":\"https:\/\/gruene-flotte.com\/wohnmobil\/\",\"logo\":{\"@type\":\"ImageObject\",\"inLanguage\":\"de\",\"@id\":\"https:\/\/gruene-flotte.com\/wohnmobil\/#\/schema\/logo\/image\/\",\"url\":\"https:\/\/gruene-flotte.com\/wohnmobil\/wp-content\/uploads\/sites\/2\/2022\/06\/Nugget_Plus_AD_Homepage_10.jpeg\",\"contentUrl\":\"https:\/\/gruene-flotte.com\/wohnmobil\/wp-content\/uploads\/sites\/2\/2022\/06\/Nugget_Plus_AD_Homepage_10.jpeg\",\"width\":2000,\"height\":1500,\"caption\":\"Gr\u00fcne Flotte Wohnmobil\"},\"image\":{\"@id\":\"https:\/\/gruene-flotte.com\/wohnmobil\/#\/schema\/logo\/image\/\"}}]}<\/script>\n<!-- \/ Yoast SEO plugin. -->","yoast_head_json":{"title":"Erkl\u00e4rvideos - Gr\u00fcne Flotte Wohnmobil","robots":{"index":"index","follow":"follow","max-snippet":"max-snippet:-1","max-image-preview":"max-image-preview:large","max-video-preview":"max-video-preview:-1"},"canonical":"https:\/\/gruene-flotte.com\/wohnmobil\/erklaervideos\/","og_locale":"de_DE","og_type":"article","og_title":"Erkl\u00e4rvideos - Gr\u00fcne Flotte Wohnmobil","og_description":"Gr\u00fcne Flotte Wohnmobil Erkl\u00e4rvideosCamping GrundausstattungDas Bedienterminal (Neues Model)Umbau der SitzbankLiegefl\u00e4chen, Frisch- und AbwasserWie wird das Aufstelldach aufgestellt?Auf- und Abbau der MarkiseWie funktioniert die Boardtoilette?Informationen im HandschuhfachWohnmobil Roller TeamIhre Ansprechpartner F\u00fcr alle Informationen rund um unsere Camper.camper@gruene-flotte.com07681 474 008-0","og_url":"https:\/\/gruene-flotte.com\/wohnmobil\/erklaervideos\/","og_site_name":"Gr\u00fcne Flotte Wohnmobil","article_modified_time":"2026-03-02T09:52:18+00:00","twitter_card":"summary_large_image","twitter_misc":{"Gesch\u00e4tzte Lesezeit":"1\u00a0Minute"},"schema":{"@context":"https:\/\/schema.org","@graph":[{"@type":"WebPage","@id":"https:\/\/gruene-flotte.com\/wohnmobil\/erklaervideos\/","url":"https:\/\/gruene-flotte.com\/wohnmobil\/erklaervideos\/","name":"Erkl\u00e4rvideos - Gr\u00fcne Flotte Wohnmobil","isPartOf":{"@id":"https:\/\/gruene-flotte.com\/wohnmobil\/#website"},"datePublished":"2023-12-20T14:54:22+00:00","dateModified":"2026-03-02T09:52:18+00:00","breadcrumb":{"@id":"https:\/\/gruene-flotte.com\/wohnmobil\/erklaervideos\/#breadcrumb"},"inLanguage":"de","potentialAction":[{"@type":"ReadAction","target":["https:\/\/gruene-flotte.com\/wohnmobil\/erklaervideos\/"]}]},{"@type":"BreadcrumbList","@id":"https:\/\/gruene-flotte.com\/wohnmobil\/erklaervideos\/#breadcrumb","itemListElement":[{"@type":"ListItem","position":1,"name":"Startseite","item":"https:\/\/gruene-flotte.com\/wohnmobil\/"},{"@type":"ListItem","position":2,"name":"Erkl\u00e4rvideos"}]},{"@type":"WebSite","@id":"https:\/\/gruene-flotte.com\/wohnmobil\/#website","url":"https:\/\/gruene-flotte.com\/wohnmobil\/","name":"Gr\u00fcne Flotte Wohnmobil","description":"Wohnmobilvermietung","publisher":{"@id":"https:\/\/gruene-flotte.com\/wohnmobil\/#organization"},"potentialAction":[{"@type":"SearchAction","target":{"@type":"EntryPoint","urlTemplate":"https:\/\/gruene-flotte.com\/wohnmobil\/?s={search_term_string}"},"query-input":{"@type":"PropertyValueSpecification","valueRequired":true,"valueName":"search_term_string"}}],"inLanguage":"de"},{"@type":"Organization","@id":"https:\/\/gruene-flotte.com\/wohnmobil\/#organization","name":"Gr\u00fcne Flotte Wohnmobil","url":"https:\/\/gruene-flotte.com\/wohnmobil\/","logo":{"@type":"ImageObject","inLanguage":"de","@id":"https:\/\/gruene-flotte.com\/wohnmobil\/#\/schema\/logo\/image\/","url":"https:\/\/gruene-flotte.com\/wohnmobil\/wp-content\/uploads\/sites\/2\/2022\/06\/Nugget_Plus_AD_Homepage_10.jpeg","contentUrl":"https:\/\/gruene-flotte.com\/wohnmobil\/wp-content\/uploads\/sites\/2\/2022\/06\/Nugget_Plus_AD_Homepage_10.jpeg","width":2000,"height":1500,"caption":"Gr\u00fcne Flotte Wohnmobil"},"image":{"@id":"https:\/\/gruene-flotte.com\/wohnmobil\/#\/schema\/logo\/image\/"}}]}},"_links":{"self":[{"href":"https:\/\/gruene-flotte.com\/wohnmobil\/wp-json\/wp\/v2\/pages\/26782","targetHints":{"allow":["GET"]}}],"collection":[{"href":"https:\/\/gruene-flotte.com\/wohnmobil\/wp-json\/wp\/v2\/pages"}],"about":[{"href":"https:\/\/gruene-flotte.com\/wohnmobil\/wp-json\/wp\/v2\/types\/page"}],"author":[{"embeddable":true,"href":"https:\/\/gruene-flotte.com\/wohnmobil\/wp-json\/wp\/v2\/users\/1"}],"replies":[{"embeddable":true,"href":"https:\/\/gruene-flotte.com\/wohnmobil\/wp-json\/wp\/v2\/comments?post=26782"}],"version-history":[{"count":17,"href":"https:\/\/gruene-flotte.com\/wohnmobil\/wp-json\/wp\/v2\/pages\/26782\/revisions"}],"predecessor-version":[{"id":27195,"href":"https:\/\/gruene-flotte.com\/wohnmobil\/wp-json\/wp\/v2\/pages\/26782\/revisions\/27195"}],"wp:attachment":[{"href":"https:\/\/gruene-flotte.com\/wohnmobil\/wp-json\/wp\/v2\/media?parent=26782"}],"curies":[{"name":"wp","href":"https:\/\/api.w.org\/{rel}","templated":true}]}}