{"id":29081,"date":"2024-02-20T13:41:17","date_gmt":"2024-02-20T12:41:17","guid":{"rendered":"https:\/\/gruene-flotte.com\/carsharing\/?page_id=29081"},"modified":"2024-03-11T12:59:58","modified_gmt":"2024-03-11T11:59:58","slug":"carsharing-news-freiburg","status":"publish","type":"page","link":"https:\/\/gruene-flotte.com\/carsharing\/carsharing-news-freiburg\/","title":{"rendered":"Carsharing News Freiburg"},"content":{"rendered":"<p>[et_pb_section fb_built=&#8220;1&#8243; fullwidth=&#8220;on&#8220; _builder_version=&#8220;4.23.4&#8243; _module_preset=&#8220;default&#8220; height=&#8220;80vh&#8220; height_tablet=&#8220;80vh&#8220; height_phone=&#8220;50vh&#8220; height_last_edited=&#8220;on|phone&#8220; custom_padding=&#8220;||0px|||&#8220; locked=&#8220;off&#8220; global_colors_info=&#8220;{}&#8220;][et_pb_fullwidth_slider use_bg_overlay=&#8220;off&#8220; use_text_overlay=&#8220;off&#8220; _builder_version=&#8220;4.23.4&#8243; custom_button=&#8220;on&#8220; button_text_color=&#8220;#FFFFFF&#8220; button_bg_color=&#8220;#82ba26&#8243; button_border_width=&#8220;0px&#8220; button_border_radius=&#8220;0px&#8220; button_letter_spacing=&#8220;1px&#8220; button_font=&#8220;|600||on|||||&#8220; button_icon=&#8220;&#xf35d;||fa||900&#8243; button_icon_color=&#8220;#FFFFFF&#8220; button_icon_placement=&#8220;left&#8220; button_on_hover=&#8220;off&#8220; button_alignment=&#8220;left&#8220; button_custom_padding=&#8220;||||false|false&#8220; vertical_offset_tablet=&#8220;0&#8243; horizontal_offset_tablet=&#8220;0&#8243; height=&#8220;80vh&#8220; height_tablet=&#8220;80vh&#8220; height_phone=&#8220;50vh&#8220; height_last_edited=&#8220;on|phone&#8220; custom_padding=&#8220;60vh||||false|false&#8220; animation_style=&#8220;fade&#8220; auto=&#8220;on&#8220; auto_ignore_hover=&#8220;on&#8220; hover_enabled=&#8220;0&#8243; header_text_align_tablet=&#8220;&#8220; header_text_align_phone=&#8220;left&#8220; header_text_align_last_edited=&#8220;on|phone&#8220; z_index_tablet=&#8220;0&#8243; custom_css_slide_title=&#8220;margin-top: 80px&#8220; body_text_shadow_horizontal_length_tablet=&#8220;0px&#8220; body_text_shadow_vertical_length_tablet=&#8220;0px&#8220; body_text_shadow_blur_strength_tablet=&#8220;1px&#8220; body_link_text_shadow_horizontal_length_tablet=&#8220;0px&#8220; body_link_text_shadow_vertical_length_tablet=&#8220;0px&#8220; body_link_text_shadow_blur_strength_tablet=&#8220;1px&#8220; body_ul_text_shadow_horizontal_length_tablet=&#8220;0px&#8220; body_ul_text_shadow_vertical_length_tablet=&#8220;0px&#8220; body_ul_text_shadow_blur_strength_tablet=&#8220;1px&#8220; body_ol_text_shadow_horizontal_length_tablet=&#8220;0px&#8220; body_ol_text_shadow_vertical_length_tablet=&#8220;0px&#8220; body_ol_text_shadow_blur_strength_tablet=&#8220;1px&#8220; body_quote_text_shadow_horizontal_length_tablet=&#8220;0px&#8220; body_quote_text_shadow_vertical_length_tablet=&#8220;0px&#8220; body_quote_text_shadow_blur_strength_tablet=&#8220;1px&#8220; button_text_shadow_horizontal_length_tablet=&#8220;0px&#8220; button_text_shadow_vertical_length_tablet=&#8220;0px&#8220; button_text_shadow_blur_strength_tablet=&#8220;1px&#8220; box_shadow_horizontal_tablet=&#8220;0px&#8220; box_shadow_vertical_tablet=&#8220;0px&#8220; box_shadow_blur_tablet=&#8220;40px&#8220; box_shadow_spread_tablet=&#8220;0px&#8220; box_shadow_horizontal_image_tablet=&#8220;0px&#8220; box_shadow_vertical_image_tablet=&#8220;0px&#8220; box_shadow_blur_image_tablet=&#8220;40px&#8220; box_shadow_spread_image_tablet=&#8220;0px&#8220; box_shadow_horizontal_button_tablet=&#8220;0px&#8220; box_shadow_vertical_button_tablet=&#8220;0px&#8220; box_shadow_blur_button_tablet=&#8220;40px&#8220; box_shadow_spread_button_tablet=&#8220;0px&#8220; text_shadow_horizontal_length_tablet=&#8220;0px&#8220; text_shadow_vertical_length_tablet=&#8220;0px&#8220; text_shadow_blur_strength_tablet=&#8220;1px&#8220; locked=&#8220;off&#8220; global_colors_info=&#8220;{}&#8220; button_bg_color__hover_enabled=&#8220;on|desktop&#8220; button_bg_color__hover=&#8220;#82ba26&#8243; button_bg_enable_color__hover=&#8220;on&#8220; button_text_color__hover_enabled=&#8220;on|hover&#8220; button_text_color__hover=&#8220;#FFFFFF&#8220; button_custom_padding__hover_enabled=&#8220;on|hover&#8220; button_custom_padding__hover=&#8220;|||65px|false|false&#8220; sticky_enabled=&#8220;0&#8243;][et_pb_slide heading=&#8220;News Freiburg&#8220; button_link=&#8220;\/carsharing\/buchungssystem&#8220; use_bg_overlay=&#8220;off&#8220; use_text_overlay=&#8220;off&#8220; heading_tablet=&#8220;News Freiburg&#8220; heading_phone=&#8220;News <br \/> Freiburg&#8220; heading_last_edited=&#8220;on|desktop&#8220; button_text_tablet=&#8220;Jetzt registrieren!&#8220; button_text_phone=&#8220;Jetzt registrieren!&#8220; button_text_last_edited=&#8220;off|desktop&#8220; _builder_version=&#8220;4.23.4&#8243; header_level=&#8220;h2&#8243; header_font=&#8220;Open Sans|700||on|||||&#8220; header_text_color=&#8220;#0a0a0a&#8220; header_font_size=&#8220;80px&#8220; header_line_height=&#8220;80px&#8220; body_text_color=&#8220;#0a0a0a&#8220; background_color=&#8220;RGBA(255,255,255,0)&#8220; background_enable_color=&#8220;on&#8220; background_image=&#8220;https:\/\/gruene-flotte.com\/carsharing\/wp-content\/uploads\/sites\/5\/2024\/02\/auto-abo-gruene-flotte-family-friends.jpg&#8220; background_enable_image=&#8220;on&#8220; background_position=&#8220;top_center&#8220; background_vertical_offset=&#8220;8%&#8220; background_pattern_horizontal_offset=&#8220;0px&#8220; background_pattern_vertical_offset=&#8220;0px&#8220; z_index_tablet=&#8220;0&#8243; z_index_phone=&#8220;0&#8243; text_orientation=&#8220;left&#8220; hover_enabled=&#8220;0&#8243; header_font_size_tablet=&#8220;80px&#8220; header_font_size_phone=&#8220;40px&#8220; header_font_size_last_edited=&#8220;on|phone&#8220; header_line_height_tablet=&#8220;80px&#8220; header_line_height_phone=&#8220;45px&#8220; header_line_height_last_edited=&#8220;on|desktop&#8220; background_last_edited=&#8220;on|phone&#8220; background_color_gradient_direction_tablet=&#8220;180deg&#8220; background_color_gradient_direction_phone=&#8220;180deg&#8220; background_color_gradient_stops_tablet=&#8220;#2b87da 0%|#29c4a9 100%&#8220; background_color_gradient_stops_phone=&#8220;#2b87da 0%|#29c4a9 100%&#8220; background_image_phone=&#8220;https:\/\/gruene-flotte.com\/carsharing\/wp-content\/uploads\/sites\/5\/2024\/02\/gruene-flotte-preise-mobile.jpg&#8220; background_enable_image_phone=&#8220;on&#8220; background_image_width_tablet=&#8220;auto&#8220; background_image_width_phone=&#8220;auto&#8220; background_image_height_tablet=&#8220;auto&#8220; background_image_height_phone=&#8220;auto&#8220; background_horizontal_offset_tablet=&#8220;0px&#8220; background_horizontal_offset_phone=&#8220;0px&#8220; background_vertical_offset_tablet=&#8220;0px&#8220; background_vertical_offset_phone=&#8220;0px&#8220; background_enable_pattern_style_phone=&#8220;off&#8220; background_pattern_style_tablet=&#8220;polka-dots&#8220; background_pattern_width_tablet=&#8220;auto&#8220; background_pattern_width_phone=&#8220;auto&#8220; background_pattern_height_tablet=&#8220;auto&#8220; background_pattern_height_phone=&#8220;auto&#8220; background_pattern_horizontal_offset_tablet=&#8220;0px&#8220; background_pattern_horizontal_offset_phone=&#8220;0px&#8220; background_pattern_vertical_offset_tablet=&#8220;0px&#8220; background_pattern_vertical_offset_phone=&#8220;0px&#8220; background_enable_mask_style_phone=&#8220;off&#8220; background_mask_style_tablet=&#8220;layer-blob&#8220; background_mask_width_tablet=&#8220;auto&#8220; background_mask_width_phone=&#8220;auto&#8220; background_mask_height_tablet=&#8220;auto&#8220; background_mask_height_phone=&#8220;auto&#8220; background_mask_horizontal_offset_tablet=&#8220;0px&#8220; background_mask_horizontal_offset_phone=&#8220;0px&#8220; background_mask_vertical_offset_tablet=&#8220;0px&#8220; background_mask_vertical_offset_phone=&#8220;0px&#8220; child_filter_hue_rotate_tablet=&#8220;0deg&#8220; child_filter_hue_rotate_phone=&#8220;0deg&#8220; child_filter_saturate_tablet=&#8220;100%&#8220; child_filter_saturate_phone=&#8220;100%&#8220; child_filter_brightness_tablet=&#8220;100%&#8220; child_filter_brightness_phone=&#8220;100%&#8220; child_filter_contrast_tablet=&#8220;100%&#8220; child_filter_contrast_phone=&#8220;100%&#8220; child_filter_invert_tablet=&#8220;0%&#8220; child_filter_invert_phone=&#8220;0%&#8220; child_filter_sepia_tablet=&#8220;0%&#8220; child_filter_sepia_phone=&#8220;0%&#8220; child_filter_opacity_tablet=&#8220;100%&#8220; child_filter_opacity_phone=&#8220;100%&#8220; child_filter_blur_tablet=&#8220;0px&#8220; child_filter_blur_phone=&#8220;0px&#8220; hover_transition_duration_tablet=&#8220;300ms&#8220; hover_transition_duration_phone=&#8220;300ms&#8220; hover_transition_delay_tablet=&#8220;0ms&#8220; hover_transition_delay_phone=&#8220;0ms&#8220; body_text_shadow_horizontal_length_tablet=&#8220;0px&#8220; body_text_shadow_horizontal_length_phone=&#8220;0px&#8220; body_text_shadow_vertical_length_tablet=&#8220;0px&#8220; body_text_shadow_vertical_length_phone=&#8220;0px&#8220; body_text_shadow_blur_strength_tablet=&#8220;1px&#8220; body_text_shadow_blur_strength_phone=&#8220;1px&#8220; body_link_text_shadow_horizontal_length_tablet=&#8220;0px&#8220; body_link_text_shadow_horizontal_length_phone=&#8220;0px&#8220; body_link_text_shadow_vertical_length_tablet=&#8220;0px&#8220; body_link_text_shadow_vertical_length_phone=&#8220;0px&#8220; body_link_text_shadow_blur_strength_tablet=&#8220;1px&#8220; body_link_text_shadow_blur_strength_phone=&#8220;1px&#8220; body_ul_text_shadow_horizontal_length_tablet=&#8220;0px&#8220; body_ul_text_shadow_horizontal_length_phone=&#8220;0px&#8220; body_ul_text_shadow_vertical_length_tablet=&#8220;0px&#8220; body_ul_text_shadow_vertical_length_phone=&#8220;0px&#8220; body_ul_text_shadow_blur_strength_tablet=&#8220;1px&#8220; body_ul_text_shadow_blur_strength_phone=&#8220;1px&#8220; body_ol_text_shadow_horizontal_length_tablet=&#8220;0px&#8220; body_ol_text_shadow_horizontal_length_phone=&#8220;0px&#8220; body_ol_text_shadow_vertical_length_tablet=&#8220;0px&#8220; body_ol_text_shadow_vertical_length_phone=&#8220;0px&#8220; body_ol_text_shadow_blur_strength_tablet=&#8220;1px&#8220; body_ol_text_shadow_blur_strength_phone=&#8220;1px&#8220; body_quote_text_shadow_horizontal_length_tablet=&#8220;0px&#8220; body_quote_text_shadow_horizontal_length_phone=&#8220;0px&#8220; body_quote_text_shadow_vertical_length_tablet=&#8220;0px&#8220; body_quote_text_shadow_vertical_length_phone=&#8220;0px&#8220; body_quote_text_shadow_blur_strength_tablet=&#8220;1px&#8220; body_quote_text_shadow_blur_strength_phone=&#8220;1px&#8220; button_text_shadow_horizontal_length_tablet=&#8220;0px&#8220; button_text_shadow_horizontal_length_phone=&#8220;0px&#8220; button_text_shadow_vertical_length_tablet=&#8220;0px&#8220; button_text_shadow_vertical_length_phone=&#8220;0px&#8220; button_text_shadow_blur_strength_tablet=&#8220;1px&#8220; button_text_shadow_blur_strength_phone=&#8220;1px&#8220; box_shadow_horizontal_image_tablet=&#8220;0px&#8220; box_shadow_horizontal_image_phone=&#8220;0px&#8220; box_shadow_vertical_image_tablet=&#8220;0px&#8220; box_shadow_vertical_image_phone=&#8220;0px&#8220; box_shadow_blur_image_tablet=&#8220;40px&#8220; box_shadow_blur_image_phone=&#8220;40px&#8220; box_shadow_spread_image_tablet=&#8220;0px&#8220; box_shadow_spread_image_phone=&#8220;0px&#8220; box_shadow_horizontal_button_tablet=&#8220;0px&#8220; box_shadow_horizontal_button_phone=&#8220;0px&#8220; box_shadow_vertical_button_tablet=&#8220;0px&#8220; box_shadow_vertical_button_phone=&#8220;0px&#8220; box_shadow_blur_button_tablet=&#8220;40px&#8220; box_shadow_blur_button_phone=&#8220;40px&#8220; box_shadow_spread_button_tablet=&#8220;0px&#8220; box_shadow_spread_button_phone=&#8220;0px&#8220; text_shadow_horizontal_length_tablet=&#8220;0px&#8220; text_shadow_horizontal_length_phone=&#8220;0px&#8220; text_shadow_vertical_length_tablet=&#8220;0px&#8220; text_shadow_vertical_length_phone=&#8220;0px&#8220; text_shadow_blur_strength_tablet=&#8220;1px&#8220; text_shadow_blur_strength_phone=&#8220;1px&#8220; locked=&#8220;off&#8220; global_colors_info=&#8220;{}&#8220; sticky_transition=&#8220;on&#8220; sticky_enabled=&#8220;0&#8243;]<\/p>\n<p>GR\u00dcNE FLOTTE CARSHARING<\/p>\n<p>[\/et_pb_slide][\/et_pb_fullwidth_slider][\/et_pb_section][et_pb_section fb_built=&#8220;1&#8243; custom_padding_last_edited=&#8220;on|phone&#8220; _builder_version=&#8220;4.23.4&#8243; _module_preset=&#8220;default&#8220; custom_padding=&#8220;30px|30px|30px|30px|false|false&#8220; custom_padding_tablet=&#8220;||||false|false&#8220; custom_padding_phone=&#8220;30px|30px|30px|30px|false|false&#8220; global_colors_info=&#8220;{}&#8220;][et_pb_row custom_padding_last_edited=&#8220;on|phone&#8220; admin_label=&#8220;Zeile&#8220; _builder_version=&#8220;4.23.4&#8243; _module_preset=&#8220;default&#8220; width_tablet=&#8220;&#8220; width_phone=&#8220;100%&#8220; width_last_edited=&#8220;on|phone&#8220; custom_padding_tablet=&#8220;&#8220; custom_padding_phone=&#8220;0px||0px||false|false&#8220; global_colors_info=&#8220;{}&#8220;][et_pb_column type=&#8220;4_4&#8243; _builder_version=&#8220;4.23.4&#8243; _module_preset=&#8220;default&#8220; global_colors_info=&#8220;{}&#8220;][et_pb_blog fullwidth=&#8220;off&#8220; include_categories=&#8220;26&#8243; show_author=&#8220;off&#8220; masonry_tile_background_color=&#8220;#f8f8f8&#8243; _builder_version=&#8220;4.23.4&#8243; _module_preset=&#8220;default&#8220; header_level=&#8220;h4&#8243; header_font=&#8220;|800|||||||&#8220; header_line_height=&#8220;1.4em&#8220; border_width_all=&#8220;0px&#8220; global_colors_info=&#8220;{}&#8220;][\/et_pb_blog][\/et_pb_column][\/et_pb_row][\/et_pb_section][et_pb_section fb_built=&#8220;1&#8243; custom_padding_last_edited=&#8220;on|phone&#8220; admin_label=&#8220;Kontakt&#8220; module_id=&#8220;kundenzentrale&#8220; _builder_version=&#8220;4.23.4&#8243; _module_preset=&#8220;default&#8220; background_color=&#8220;#82BA26&#8243; custom_padding=&#8220;13px||26px|||&#8220; custom_padding_tablet=&#8220;13px||26px|||&#8220; custom_padding_phone=&#8220;30px|30px|30px|30px|false|false&#8220; locked=&#8220;off&#8220; collapsed=&#8220;off&#8220; global_colors_info=&#8220;{}&#8220;][et_pb_row column_structure=&#8220;1_2,1_2&#8243; custom_padding_last_edited=&#8220;on|phone&#8220; _builder_version=&#8220;4.23.4&#8243; _module_preset=&#8220;default&#8220; width_tablet=&#8220;&#8220; width_phone=&#8220;100%&#8220; width_last_edited=&#8220;on|phone&#8220; custom_padding_tablet=&#8220;&#8220; custom_padding_phone=&#8220;0px||0px||false|false&#8220; locked=&#8220;off&#8220; global_colors_info=&#8220;{}&#8220;][et_pb_column type=&#8220;1_2&#8243; _builder_version=&#8220;4.19.0&#8243; _module_preset=&#8220;default&#8220; global_colors_info=&#8220;{}&#8220;][et_pb_text _builder_version=&#8220;4.19.0&#8243; _module_preset=&#8220;default&#8220; text_font=&#8220;|||on|||||&#8220; text_text_color=&#8220;#FFFFFF&#8220; text_font_size=&#8220;14px&#8220; text_letter_spacing=&#8220;2px&#8220; header_2_text_color=&#8220;#FFFFFF&#8220; header_3_text_color=&#8220;#FFFFFF&#8220; global_colors_info=&#8220;{}&#8220;]<\/p>\n<h2>Sie haben Fragen?<\/h2>\n<h3>Die Gr\u00fcne Flotte ist f\u00fcr Sie da.<\/h3>\n<p>[\/et_pb_text][\/et_pb_column][et_pb_column type=&#8220;1_2&#8243; _builder_version=&#8220;4.19.0&#8243; _module_preset=&#8220;default&#8220; link_option_url_new_window=&#8220;on&#8220; global_colors_info=&#8220;{}&#8220;][et_pb_blurb title=&#8220;B\u00fcrozeiten &#8220; use_icon=&#8220;on&#8220; font_icon=&#8220;&#xf4fd;||fa||900&#8243; icon_color=&#8220;#FFFFFF&#8220; icon_placement=&#8220;left&#8220; image_icon_width=&#8220;20px&#8220; _builder_version=&#8220;4.23.4&#8243; _module_preset=&#8220;default&#8220; header_font=&#8220;|700|||||||&#8220; header_text_color=&#8220;#FFFFFF&#8220; body_text_color=&#8220;#FFFFFF&#8220; custom_margin=&#8220;5px||5px||false|false&#8220; custom_css_blurb_title=&#8220;padding-bottom:0px !important;&#8220; global_colors_info=&#8220;{}&#8220;]von Mo. \u2013 Fr. von 8:00 bis 17:00 Uhr[\/et_pb_blurb][et_pb_blurb title=&#8220;24h-Notruf&#8220; use_icon=&#8220;on&#8220; font_icon=&#8220;&#xf017;||fa||900&#8243; icon_color=&#8220;#FFFFFF&#8220; icon_placement=&#8220;left&#8220; image_icon_width=&#8220;20px&#8220; _builder_version=&#8220;4.23.4&#8243; _module_preset=&#8220;default&#8220; header_font=&#8220;|700|||||||&#8220; header_text_color=&#8220;#FFFFFF&#8220; body_text_color=&#8220;#FFFFFF&#8220; custom_margin=&#8220;5px||5px||false|false&#8220; custom_css_blurb_title=&#8220;padding-bottom:0px !important;&#8220; global_colors_info=&#8220;{}&#8220;]<\/p>\n<p>bei Unfall oder einer Panne, einem technischen Problem, einer Versp\u00e4tung, Schadensmeldung oder dringenden R\u00fcckfrage.<\/p>\n<p>[\/et_pb_blurb][et_pb_blurb title=&#8220;07681 474 008-0&#8243; url=&#8220;tel:004976814740080&#8243; use_icon=&#8220;on&#8220; font_icon=&#8220;&#xf879;||fa||900&#8243; icon_color=&#8220;#FFFFFF&#8220; icon_placement=&#8220;left&#8220; image_icon_width=&#8220;20px&#8220; _builder_version=&#8220;4.19.0&#8243; _module_preset=&#8220;default&#8220; header_font=&#8220;|700|||||||&#8220; header_text_color=&#8220;#FFFFFF&#8220; custom_margin=&#8220;5px||5px||false|false&#8220; global_colors_info=&#8220;{}&#8220;][\/et_pb_blurb][et_pb_blurb title=&#8220;info@gruene-flotte-carsharing.de&#8220; url=&#8220;mailto:info@gruene-flotte-carsharing.de&#8220; use_icon=&#8220;on&#8220; font_icon=&#8220;&#xf0e0;||fa||900&#8243; icon_color=&#8220;#FFFFFF&#8220; icon_placement=&#8220;left&#8220; image_icon_width=&#8220;20px&#8220; _builder_version=&#8220;4.19.0&#8243; _module_preset=&#8220;default&#8220; header_font=&#8220;|700|||||||&#8220; header_text_color=&#8220;#FFFFFF&#8220; global_colors_info=&#8220;{}&#8220;][\/et_pb_blurb][\/et_pb_column][\/et_pb_row][\/et_pb_section]<\/p>\n","protected":false},"excerpt":{"rendered":"<p>GR\u00dcNE FLOTTE CARSHARINGSie haben Fragen? Die Gr\u00fcne Flotte ist f\u00fcr Sie da.von Mo. \u2013 Fr. von 8:00 bis 17:00 Uhrbei Unfall oder einer Panne, einem technischen Problem, einer Versp\u00e4tung, Schadensmeldung oder dringenden R\u00fcckfrage.<\/p>\n","protected":false},"author":1,"featured_media":0,"parent":0,"menu_order":0,"comment_status":"closed","ping_status":"closed","template":"","meta":{"_acf_changed":false,"_et_pb_use_builder":"on","_et_pb_old_content":"","_et_gb_content_width":"","inline_featured_image":false,"footnotes":""},"class_list":["post-29081","page","type-page","status-publish","hentry"],"acf":[],"yoast_head":"<!-- This site is optimized with the Yoast SEO plugin v24.0 - https:\/\/yoast.com\/wordpress\/plugins\/seo\/ -->\n<title>Carsharing News Freiburg - Gr\u00fcne Flotte Carsharing<\/title>\n<meta name=\"robots\" content=\"index, follow, max-snippet:-1, max-image-preview:large, max-video-preview:-1\" \/>\n<link rel=\"canonical\" href=\"https:\/\/gruene-flotte.com\/carsharing\/carsharing-news-freiburg\/\" \/>\n<meta property=\"og:locale\" content=\"de_DE\" \/>\n<meta property=\"og:type\" content=\"article\" \/>\n<meta property=\"og:title\" content=\"Carsharing News Freiburg - Gr\u00fcne Flotte Carsharing\" \/>\n<meta property=\"og:description\" content=\"GR\u00dcNE FLOTTE CARSHARINGSie haben Fragen? Die Gr\u00fcne Flotte ist f\u00fcr Sie da.von Mo. \u2013 Fr. von 8:00 bis 17:00 Uhrbei Unfall oder einer Panne, einem technischen Problem, einer Versp\u00e4tung, Schadensmeldung oder dringenden R\u00fcckfrage.\" \/>\n<meta property=\"og:url\" content=\"https:\/\/gruene-flotte.com\/carsharing\/carsharing-news-freiburg\/\" \/>\n<meta property=\"og:site_name\" content=\"Gr\u00fcne Flotte Carsharing\" \/>\n<meta property=\"article:modified_time\" content=\"2024-03-11T11:59:58+00:00\" \/>\n<meta property=\"og:image\" content=\"https:\/\/gruene-flotte.com\/carsharing\/wp-content\/uploads\/sites\/5\/2022\/05\/gruene-flotte-image.jpg\" \/>\n\t<meta property=\"og:image:width\" content=\"1440\" \/>\n\t<meta property=\"og:image:height\" content=\"1080\" \/>\n\t<meta property=\"og:image:type\" content=\"image\/jpeg\" \/>\n<meta name=\"twitter:card\" content=\"summary_large_image\" \/>\n<meta name=\"twitter:label1\" content=\"Gesch\u00e4tzte Lesezeit\" \/>\n\t<meta name=\"twitter:data1\" content=\"1\u00a0Minute\" \/>\n<script type=\"application\/ld+json\" class=\"yoast-schema-graph\">{\"@context\":\"https:\/\/schema.org\",\"@graph\":[{\"@type\":\"WebPage\",\"@id\":\"https:\/\/gruene-flotte.com\/carsharing\/carsharing-news-freiburg\/\",\"url\":\"https:\/\/gruene-flotte.com\/carsharing\/carsharing-news-freiburg\/\",\"name\":\"Carsharing News Freiburg - Gr\u00fcne Flotte Carsharing\",\"isPartOf\":{\"@id\":\"https:\/\/gruene-flotte.com\/carsharing\/#website\"},\"datePublished\":\"2024-02-20T12:41:17+00:00\",\"dateModified\":\"2024-03-11T11:59:58+00:00\",\"breadcrumb\":{\"@id\":\"https:\/\/gruene-flotte.com\/carsharing\/carsharing-news-freiburg\/#breadcrumb\"},\"inLanguage\":\"de\",\"potentialAction\":[{\"@type\":\"ReadAction\",\"target\":[\"https:\/\/gruene-flotte.com\/carsharing\/carsharing-news-freiburg\/\"]}]},{\"@type\":\"BreadcrumbList\",\"@id\":\"https:\/\/gruene-flotte.com\/carsharing\/carsharing-news-freiburg\/#breadcrumb\",\"itemListElement\":[{\"@type\":\"ListItem\",\"position\":1,\"name\":\"Startseite\",\"item\":\"https:\/\/gruene-flotte.com\/carsharing\/\"},{\"@type\":\"ListItem\",\"position\":2,\"name\":\"Carsharing News Freiburg\"}]},{\"@type\":\"WebSite\",\"@id\":\"https:\/\/gruene-flotte.com\/carsharing\/#website\",\"url\":\"https:\/\/gruene-flotte.com\/carsharing\/\",\"name\":\"Gr\u00fcne Flotte Carsharing\",\"description\":\"Flexibel. Nachhaltig. Mobil.\",\"publisher\":{\"@id\":\"https:\/\/gruene-flotte.com\/carsharing\/#organization\"},\"potentialAction\":[{\"@type\":\"SearchAction\",\"target\":{\"@type\":\"EntryPoint\",\"urlTemplate\":\"https:\/\/gruene-flotte.com\/carsharing\/?s={search_term_string}\"},\"query-input\":{\"@type\":\"PropertyValueSpecification\",\"valueRequired\":true,\"valueName\":\"search_term_string\"}}],\"inLanguage\":\"de\"},{\"@type\":\"Organization\",\"@id\":\"https:\/\/gruene-flotte.com\/carsharing\/#organization\",\"name\":\"Gr\u00fcne Flotte Carsharing\",\"url\":\"https:\/\/gruene-flotte.com\/carsharing\/\",\"logo\":{\"@type\":\"ImageObject\",\"inLanguage\":\"de\",\"@id\":\"https:\/\/gruene-flotte.com\/carsharing\/#\/schema\/logo\/image\/\",\"url\":\"https:\/\/gruene-flotte.com\/carsharing\/wp-content\/uploads\/sites\/5\/2023\/08\/carsharing-gruene-flotte-unternehmen-firmen.jpg\",\"contentUrl\":\"https:\/\/gruene-flotte.com\/carsharing\/wp-content\/uploads\/sites\/5\/2023\/08\/carsharing-gruene-flotte-unternehmen-firmen.jpg\",\"width\":1920,\"height\":1280,\"caption\":\"Gr\u00fcne Flotte Carsharing\"},\"image\":{\"@id\":\"https:\/\/gruene-flotte.com\/carsharing\/#\/schema\/logo\/image\/\"}}]}<\/script>\n<!-- \/ Yoast SEO plugin. -->","yoast_head_json":{"title":"Carsharing News Freiburg - Gr\u00fcne Flotte Carsharing","robots":{"index":"index","follow":"follow","max-snippet":"max-snippet:-1","max-image-preview":"max-image-preview:large","max-video-preview":"max-video-preview:-1"},"canonical":"https:\/\/gruene-flotte.com\/carsharing\/carsharing-news-freiburg\/","og_locale":"de_DE","og_type":"article","og_title":"Carsharing News Freiburg - Gr\u00fcne Flotte Carsharing","og_description":"GR\u00dcNE FLOTTE CARSHARINGSie haben Fragen? Die Gr\u00fcne Flotte ist f\u00fcr Sie da.von Mo. \u2013 Fr. von 8:00 bis 17:00 Uhrbei Unfall oder einer Panne, einem technischen Problem, einer Versp\u00e4tung, Schadensmeldung oder dringenden R\u00fcckfrage.","og_url":"https:\/\/gruene-flotte.com\/carsharing\/carsharing-news-freiburg\/","og_site_name":"Gr\u00fcne Flotte Carsharing","article_modified_time":"2024-03-11T11:59:58+00:00","og_image":[{"width":1440,"height":1080,"url":"https:\/\/gruene-flotte.com\/carsharing\/wp-content\/uploads\/sites\/5\/2022\/05\/gruene-flotte-image.jpg","type":"image\/jpeg"}],"twitter_card":"summary_large_image","twitter_misc":{"Gesch\u00e4tzte Lesezeit":"1\u00a0Minute"},"schema":{"@context":"https:\/\/schema.org","@graph":[{"@type":"WebPage","@id":"https:\/\/gruene-flotte.com\/carsharing\/carsharing-news-freiburg\/","url":"https:\/\/gruene-flotte.com\/carsharing\/carsharing-news-freiburg\/","name":"Carsharing News Freiburg - Gr\u00fcne Flotte Carsharing","isPartOf":{"@id":"https:\/\/gruene-flotte.com\/carsharing\/#website"},"datePublished":"2024-02-20T12:41:17+00:00","dateModified":"2024-03-11T11:59:58+00:00","breadcrumb":{"@id":"https:\/\/gruene-flotte.com\/carsharing\/carsharing-news-freiburg\/#breadcrumb"},"inLanguage":"de","potentialAction":[{"@type":"ReadAction","target":["https:\/\/gruene-flotte.com\/carsharing\/carsharing-news-freiburg\/"]}]},{"@type":"BreadcrumbList","@id":"https:\/\/gruene-flotte.com\/carsharing\/carsharing-news-freiburg\/#breadcrumb","itemListElement":[{"@type":"ListItem","position":1,"name":"Startseite","item":"https:\/\/gruene-flotte.com\/carsharing\/"},{"@type":"ListItem","position":2,"name":"Carsharing News Freiburg"}]},{"@type":"WebSite","@id":"https:\/\/gruene-flotte.com\/carsharing\/#website","url":"https:\/\/gruene-flotte.com\/carsharing\/","name":"Gr\u00fcne Flotte Carsharing","description":"Flexibel. Nachhaltig. Mobil.","publisher":{"@id":"https:\/\/gruene-flotte.com\/carsharing\/#organization"},"potentialAction":[{"@type":"SearchAction","target":{"@type":"EntryPoint","urlTemplate":"https:\/\/gruene-flotte.com\/carsharing\/?s={search_term_string}"},"query-input":{"@type":"PropertyValueSpecification","valueRequired":true,"valueName":"search_term_string"}}],"inLanguage":"de"},{"@type":"Organization","@id":"https:\/\/gruene-flotte.com\/carsharing\/#organization","name":"Gr\u00fcne Flotte Carsharing","url":"https:\/\/gruene-flotte.com\/carsharing\/","logo":{"@type":"ImageObject","inLanguage":"de","@id":"https:\/\/gruene-flotte.com\/carsharing\/#\/schema\/logo\/image\/","url":"https:\/\/gruene-flotte.com\/carsharing\/wp-content\/uploads\/sites\/5\/2023\/08\/carsharing-gruene-flotte-unternehmen-firmen.jpg","contentUrl":"https:\/\/gruene-flotte.com\/carsharing\/wp-content\/uploads\/sites\/5\/2023\/08\/carsharing-gruene-flotte-unternehmen-firmen.jpg","width":1920,"height":1280,"caption":"Gr\u00fcne Flotte Carsharing"},"image":{"@id":"https:\/\/gruene-flotte.com\/carsharing\/#\/schema\/logo\/image\/"}}]}},"_links":{"self":[{"href":"https:\/\/gruene-flotte.com\/carsharing\/wp-json\/wp\/v2\/pages\/29081","targetHints":{"allow":["GET"]}}],"collection":[{"href":"https:\/\/gruene-flotte.com\/carsharing\/wp-json\/wp\/v2\/pages"}],"about":[{"href":"https:\/\/gruene-flotte.com\/carsharing\/wp-json\/wp\/v2\/types\/page"}],"author":[{"embeddable":true,"href":"https:\/\/gruene-flotte.com\/carsharing\/wp-json\/wp\/v2\/users\/1"}],"replies":[{"embeddable":true,"href":"https:\/\/gruene-flotte.com\/carsharing\/wp-json\/wp\/v2\/comments?post=29081"}],"version-history":[{"count":12,"href":"https:\/\/gruene-flotte.com\/carsharing\/wp-json\/wp\/v2\/pages\/29081\/revisions"}],"predecessor-version":[{"id":30175,"href":"https:\/\/gruene-flotte.com\/carsharing\/wp-json\/wp\/v2\/pages\/29081\/revisions\/30175"}],"wp:attachment":[{"href":"https:\/\/gruene-flotte.com\/carsharing\/wp-json\/wp\/v2\/media?parent=29081"}],"curies":[{"name":"wp","href":"https:\/\/api.w.org\/{rel}","templated":true}]}}