{"id":2091,"date":"2022-06-21T15:31:28","date_gmt":"2022-06-21T13:31:28","guid":{"rendered":"http:\/\/gruene-flotte.com\/carsharing\/?page_id=2091"},"modified":"2024-02-29T16:20:41","modified_gmt":"2024-02-29T15:20:41","slug":"registrierung-anleitung","status":"publish","type":"page","link":"https:\/\/gruene-flotte.com\/carsharing\/registrierung-anleitung\/","title":{"rendered":"Registrierung Anleitung (no header)"},"content":{"rendered":"<p>[et_pb_section fb_built=&#8220;1&#8243; admin_label=&#8220;Registrierung Auswahl&#8220; _builder_version=&#8220;4.17.4&#8243; _module_preset=&#8220;default&#8220; background_enable_color=&#8220;off&#8220; collapsed=&#8220;off&#8220; global_colors_info=&#8220;{}&#8220;][et_pb_row _builder_version=&#8220;4.17.4&#8243; _module_preset=&#8220;default&#8220; global_colors_info=&#8220;{}&#8220;][et_pb_column type=&#8220;4_4&#8243; _builder_version=&#8220;4.17.4&#8243; _module_preset=&#8220;default&#8220; global_colors_info=&#8220;{}&#8220;][et_pb_text _builder_version=&#8220;4.17.4&#8243; _module_preset=&#8220;default&#8220; global_colors_info=&#8220;{}&#8220;]<\/p>\n<h1>Gr\u00fcne Flotte Carsharing<\/h1>\n<h3>Registrierung f\u00fcr Privatpersonen, Firmen, Vereine und Organisationen<\/h3>\n<p>[\/et_pb_text][et_pb_text _builder_version=&#8220;4.17.4&#8243; _module_preset=&#8220;default&#8220; custom_margin=&#8220;30px||||false|false&#8220; global_colors_info=&#8220;{}&#8220;]<\/p>\n<p><strong>Um bei uns einfach und g\u00fcnstig ein Auto buchen und spontan losfahren zu k\u00f6nnen, m\u00fcssen Sie nur Mitglied der Gr\u00fcnen Flotte werden.<\/strong><\/p>\n<p>Im Anschluss erhalten Sie Ihre Zugangsdaten sowie Ihre Kundenkarte. \u00dcber das Carsharing-Buchungsportal auf der Homepage oder \u00fcber die Gr\u00fcne Flotte-App k\u00f6nnen Sie jederzeit ein Auto buchen.<\/p>\n<p>Die Anmeldung kostet einmalig 30 Euro \u2013 falls Sie eine Zeit lang nicht fahren m\u00f6chten, zahlen Sie auch nicht. Und bleiben trotzdem kostenfrei Mitglied der Gr\u00fcnen Flotte, denn monatliche Grundgeb\u00fchren gibt es bei uns nicht!<\/p>\n<p>Bei der Gr\u00fcnen Flotte Carsharing k\u00f6nnen Sie sich sowohl online, \u00fcber den folgenden Registrierungsprozess, als auch pers\u00f6nlich Vorort registrieren.<\/p>\n<p>[\/et_pb_text][et_pb_text _builder_version=&#8220;4.17.4&#8243; _module_preset=&#8220;default&#8220; custom_margin=&#8220;30px||||false|false&#8220; global_colors_info=&#8220;{}&#8220;]<\/p>\n<p><strong>Folgende drei Standorte stehen f\u00fcr eine pers\u00f6nliche Registrierung Vorort zur Auswahl:<\/strong><\/p>\n<ul>\n<li>VAG Kundenzentrum Pluspunkt in der Salzstra\u00dfe 3, 79098 Freiburg<\/li>\n<li>Autohaus Schmid Waldkirch GmbH, Stahlhofstr. 3, 79183 Waldkirch<\/li>\n<li>Autohaus Schmid GmbH, Freiburg Str. 21, 79215 Elzach<\/li>\n<\/ul>\n<p>[\/et_pb_text][\/et_pb_column][\/et_pb_row][\/et_pb_section][et_pb_section fb_built=&#8220;1&#8243; admin_label=&#8220;Registrierung Infos&#8220; _builder_version=&#8220;4.17.4&#8243; _module_preset=&#8220;default&#8220; background_color=&#8220;#f9f9f9&#8243; collapsed=&#8220;off&#8220; global_colors_info=&#8220;{}&#8220;][et_pb_row _builder_version=&#8220;4.17.4&#8243; _module_preset=&#8220;default&#8220; global_colors_info=&#8220;{}&#8220;][et_pb_column type=&#8220;4_4&#8243; _builder_version=&#8220;4.17.4&#8243; _module_preset=&#8220;default&#8220; global_colors_info=&#8220;{}&#8220;][et_pb_text _builder_version=&#8220;4.17.4&#8243; _module_preset=&#8220;default&#8220; global_colors_info=&#8220;{}&#8220;]<\/p>\n<h2>Onlineregistrierung<\/h2>\n<p>[\/et_pb_text][\/et_pb_column][\/et_pb_row][et_pb_row column_structure=&#8220;1_2,1_2&#8243; _builder_version=&#8220;4.17.4&#8243; _module_preset=&#8220;default&#8220; global_colors_info=&#8220;{}&#8220;][et_pb_column type=&#8220;1_2&#8243; _builder_version=&#8220;4.17.4&#8243; _module_preset=&#8220;default&#8220; link_option_url=&#8220;#&#8220; global_colors_info=&#8220;{}&#8220;][et_pb_button button_url=&#8220;https:\/\/gruene-flotte.com\/carsharing\/registrierung\/&#8220; button_text=&#8220;Registrierung f\u00fcr Privatpersonen&#8220; _builder_version=&#8220;4.17.4&#8243; _module_preset=&#8220;default&#8220; custom_button=&#8220;on&#8220; button_icon=&#8220;&#x39;||divi||400&#8243; button_icon_placement=&#8220;left&#8220; custom_padding=&#8220;10px|22px|10px|44px|false|false&#8220; custom_css_main_element=&#8220;width:100%;||text-align:center;&#8220; locked=&#8220;off&#8220; global_colors_info=&#8220;{}&#8220; button_bg_color__hover_enabled=&#8220;on|hover&#8220; button_bg_color__hover=&#8220;#0a0a0a&#8220; button_bg_enable_color__hover=&#8220;on&#8220; button_text_color=&#8220;#FFFFFF&#8220; button_bg_color=&#8220;#82ba26&#8243; button_border_width=&#8220;0px&#8220; button_border_radius=&#8220;0px&#8220; button_bg_enable_color=&#8220;on&#8220;]<br \/>\n[\/et_pb_button][\/et_pb_column][et_pb_column type=&#8220;1_2&#8243; _builder_version=&#8220;4.17.4&#8243; _module_preset=&#8220;default&#8220; link_option_url=&#8220;#&#8220; global_colors_info=&#8220;{}&#8220;][et_pb_button button_url=&#8220;https:\/\/gruene-flotte.com\/carsharing\/registrierung-anleitung-firmen-vereine\/&#8220; button_text=&#8220;Registrierung von Firmen, Vereinen und Organisationen&#8220; _builder_version=&#8220;4.17.4&#8243; _module_preset=&#8220;default&#8220; custom_button=&#8220;on&#8220; button_icon=&#8220;&#x39;||divi||400&#8243; button_icon_placement=&#8220;left&#8220; custom_padding=&#8220;10px|22px|10px|44px|false|false&#8220; custom_css_main_element=&#8220;width:100%;||text-align:center;&#8220; locked=&#8220;off&#8220; global_colors_info=&#8220;{}&#8220; button_bg_color__hover_enabled=&#8220;on|hover&#8220; button_bg_color__hover=&#8220;#0a0a0a&#8220; button_bg_enable_color__hover=&#8220;on&#8220; button_text_color=&#8220;#FFFFFF&#8220; button_bg_color=&#8220;#82ba26&#8243; button_border_width=&#8220;0px&#8220; button_border_radius=&#8220;0px&#8220; button_bg_enable_color=&#8220;on&#8220;]<br \/>\n[\/et_pb_button][\/et_pb_column][\/et_pb_row][et_pb_row column_structure=&#8220;1_4,1_4,1_4,1_4&#8243; _builder_version=&#8220;4.17.4&#8243; _module_preset=&#8220;default&#8220; global_colors_info=&#8220;{}&#8220;][et_pb_column type=&#8220;1_4&#8243; _builder_version=&#8220;4.17.4&#8243; _module_preset=&#8220;default&#8220; global_colors_info=&#8220;{}&#8220;][et_pb_text _builder_version=&#8220;4.17.4&#8243; _module_preset=&#8220;default&#8220; global_colors_info=&#8220;{}&#8220;]<\/p>\n<h4>Kosten<\/h4>\n<p>Die Gr\u00fcne Flotte erhebt keine monatliche Grundgeb\u00fchr. Es f\u00e4llt lediglich eine einmalige Anmeldegeb\u00fchr von 30,00 \u20ac an.<\/p>\n<p><a href=\"https:\/\/gruene-flotte.com\/carsharing\/#mietpreise\">Unsere Mietpreise<\/a><\/p>\n<p>[\/et_pb_text][\/et_pb_column][et_pb_column type=&#8220;1_4&#8243; _builder_version=&#8220;4.17.4&#8243; _module_preset=&#8220;default&#8220; global_colors_info=&#8220;{}&#8220;][et_pb_text _builder_version=&#8220;4.17.4&#8243; _module_preset=&#8220;default&#8220; global_colors_info=&#8220;{}&#8220;]<\/p>\n<h4>Identifizierung<\/h4>\n<p>Zur Identifikation Ihrer Person und Ihres F\u00fchrerscheins folgt am Ende dieser Registrierung ein Video-Chat mit der cantamen Servicezentrale. Hierf\u00fcr wird der Personalauswei\u00df sowie der F\u00fchrerschein ben\u00f6tigt. <br \/>Gepr\u00fcft werden k\u00f6nnen alle deutschen und alle EU-F\u00fchrerscheine.<\/p>\n<p>[\/et_pb_text][\/et_pb_column][et_pb_column type=&#8220;1_4&#8243; _builder_version=&#8220;4.17.4&#8243; _module_preset=&#8220;default&#8220; global_colors_info=&#8220;{}&#8220;][et_pb_text _builder_version=&#8220;4.17.4&#8243; _module_preset=&#8220;default&#8220; global_colors_info=&#8220;{}&#8220;]<\/p>\n<h4>Wichtige Hinweise<\/h4>\n<p>Die Online-Registrierung bei der Gr\u00fcnen Flotte ist nur mit einem Wohnsitz und einer Bankverbindung in Deutschland m\u00f6glich.\u2028 Die Freischaltung Ihres Gr\u00fcne Flotte Account kann bis zu einer Woche dauern.<\/p>\n<p>&nbsp;<\/p>\n<p>[\/et_pb_text][\/et_pb_column][et_pb_column type=&#8220;1_4&#8243; _builder_version=&#8220;4.17.4&#8243; _module_preset=&#8220;default&#8220; global_colors_info=&#8220;{}&#8220;][et_pb_text _builder_version=&#8220;4.17.4&#8243; _module_preset=&#8220;default&#8220; global_colors_info=&#8220;{}&#8220;]<\/p>\n<h4>Ihre Daten<\/h4>\n<p>Bei der Registrierung werden pers\u00f6nliche Daten abgefragt.\u2028 Bitte beachten Sie, dass im folgenden Anmeldeformular die Pflichtfelder (siehe *) ausgef\u00fcllt werden m\u00fcssen.<\/p>\n<p>&nbsp;<\/p>\n<p>[\/et_pb_text][\/et_pb_column][\/et_pb_row][\/et_pb_section]<\/p>\n","protected":false},"excerpt":{"rendered":"<p>Gr\u00fcne Flotte Carsharing Registrierung f\u00fcr Privatpersonen, Firmen, Vereine und OrganisationenUm bei uns einfach und g\u00fcnstig ein Auto buchen und spontan losfahren zu k\u00f6nnen, m\u00fcssen Sie nur Mitglied der Gr\u00fcnen Flotte werden. Im Anschluss erhalten Sie Ihre Zugangsdaten sowie Ihre Kundenkarte. \u00dcber das Carsharing-Buchungsportal auf der Homepage oder \u00fcber die Gr\u00fcne Flotte-App k\u00f6nnen Sie jederzeit ein [&hellip;]<\/p>\n","protected":false},"author":3,"featured_media":0,"parent":0,"menu_order":11,"comment_status":"closed","ping_status":"closed","template":"","meta":{"_acf_changed":false,"_et_pb_use_builder":"on","_et_pb_old_content":"","_et_gb_content_width":"","inline_featured_image":false,"footnotes":""},"class_list":["post-2091","page","type-page","status-publish","hentry"],"acf":[],"yoast_head":"<!-- This site is optimized with the Yoast SEO plugin v24.0 - https:\/\/yoast.com\/wordpress\/plugins\/seo\/ -->\n<title>Registrierung Anleitung (no header) - Gr\u00fcne Flotte Carsharing<\/title>\n<meta name=\"robots\" content=\"index, follow, max-snippet:-1, max-image-preview:large, max-video-preview:-1\" \/>\n<link rel=\"canonical\" href=\"https:\/\/gruene-flotte.com\/carsharing\/registrierung-anleitung\/\" \/>\n<meta property=\"og:locale\" content=\"de_DE\" \/>\n<meta property=\"og:type\" content=\"article\" \/>\n<meta property=\"og:title\" content=\"Registrierung Anleitung (no header) - Gr\u00fcne Flotte Carsharing\" \/>\n<meta property=\"og:description\" content=\"Gr\u00fcne Flotte Carsharing Registrierung f\u00fcr Privatpersonen, Firmen, Vereine und OrganisationenUm bei uns einfach und g\u00fcnstig ein Auto buchen und spontan losfahren zu k\u00f6nnen, m\u00fcssen Sie nur Mitglied der Gr\u00fcnen Flotte werden. Im Anschluss erhalten Sie Ihre Zugangsdaten sowie Ihre Kundenkarte. \u00dcber das Carsharing-Buchungsportal auf der Homepage oder \u00fcber die Gr\u00fcne Flotte-App k\u00f6nnen Sie jederzeit ein [&hellip;]\" \/>\n<meta property=\"og:url\" content=\"https:\/\/gruene-flotte.com\/carsharing\/registrierung-anleitung\/\" \/>\n<meta property=\"og:site_name\" content=\"Gr\u00fcne Flotte Carsharing\" \/>\n<meta property=\"article:modified_time\" content=\"2024-02-29T15:20:41+00:00\" \/>\n<meta property=\"og:image\" content=\"https:\/\/gruene-flotte.com\/carsharing\/wp-content\/uploads\/sites\/5\/2022\/05\/gruene-flotte-image.jpg\" \/>\n\t<meta property=\"og:image:width\" content=\"1440\" \/>\n\t<meta property=\"og:image:height\" content=\"1080\" \/>\n\t<meta property=\"og:image:type\" content=\"image\/jpeg\" \/>\n<meta name=\"twitter:card\" content=\"summary_large_image\" \/>\n<meta name=\"twitter:label1\" content=\"Gesch\u00e4tzte Lesezeit\" \/>\n\t<meta name=\"twitter:data1\" content=\"2\u00a0Minuten\" \/>\n<script type=\"application\/ld+json\" class=\"yoast-schema-graph\">{\"@context\":\"https:\/\/schema.org\",\"@graph\":[{\"@type\":\"WebPage\",\"@id\":\"https:\/\/gruene-flotte.com\/carsharing\/registrierung-anleitung\/\",\"url\":\"https:\/\/gruene-flotte.com\/carsharing\/registrierung-anleitung\/\",\"name\":\"Registrierung Anleitung (no header) - Gr\u00fcne Flotte Carsharing\",\"isPartOf\":{\"@id\":\"https:\/\/gruene-flotte.com\/carsharing\/#website\"},\"datePublished\":\"2022-06-21T13:31:28+00:00\",\"dateModified\":\"2024-02-29T15:20:41+00:00\",\"breadcrumb\":{\"@id\":\"https:\/\/gruene-flotte.com\/carsharing\/registrierung-anleitung\/#breadcrumb\"},\"inLanguage\":\"de\",\"potentialAction\":[{\"@type\":\"ReadAction\",\"target\":[\"https:\/\/gruene-flotte.com\/carsharing\/registrierung-anleitung\/\"]}]},{\"@type\":\"BreadcrumbList\",\"@id\":\"https:\/\/gruene-flotte.com\/carsharing\/registrierung-anleitung\/#breadcrumb\",\"itemListElement\":[{\"@type\":\"ListItem\",\"position\":1,\"name\":\"Startseite\",\"item\":\"https:\/\/gruene-flotte.com\/carsharing\/\"},{\"@type\":\"ListItem\",\"position\":2,\"name\":\"Registrierung Anleitung (no header)\"}]},{\"@type\":\"WebSite\",\"@id\":\"https:\/\/gruene-flotte.com\/carsharing\/#website\",\"url\":\"https:\/\/gruene-flotte.com\/carsharing\/\",\"name\":\"Gr\u00fcne Flotte Carsharing\",\"description\":\"Flexibel. Nachhaltig. Mobil.\",\"publisher\":{\"@id\":\"https:\/\/gruene-flotte.com\/carsharing\/#organization\"},\"potentialAction\":[{\"@type\":\"SearchAction\",\"target\":{\"@type\":\"EntryPoint\",\"urlTemplate\":\"https:\/\/gruene-flotte.com\/carsharing\/?s={search_term_string}\"},\"query-input\":{\"@type\":\"PropertyValueSpecification\",\"valueRequired\":true,\"valueName\":\"search_term_string\"}}],\"inLanguage\":\"de\"},{\"@type\":\"Organization\",\"@id\":\"https:\/\/gruene-flotte.com\/carsharing\/#organization\",\"name\":\"Gr\u00fcne Flotte Carsharing\",\"url\":\"https:\/\/gruene-flotte.com\/carsharing\/\",\"logo\":{\"@type\":\"ImageObject\",\"inLanguage\":\"de\",\"@id\":\"https:\/\/gruene-flotte.com\/carsharing\/#\/schema\/logo\/image\/\",\"url\":\"https:\/\/gruene-flotte.com\/carsharing\/wp-content\/uploads\/sites\/5\/2023\/08\/carsharing-gruene-flotte-unternehmen-firmen.jpg\",\"contentUrl\":\"https:\/\/gruene-flotte.com\/carsharing\/wp-content\/uploads\/sites\/5\/2023\/08\/carsharing-gruene-flotte-unternehmen-firmen.jpg\",\"width\":1920,\"height\":1280,\"caption\":\"Gr\u00fcne Flotte Carsharing\"},\"image\":{\"@id\":\"https:\/\/gruene-flotte.com\/carsharing\/#\/schema\/logo\/image\/\"}}]}<\/script>\n<!-- \/ Yoast SEO plugin. -->","yoast_head_json":{"title":"Registrierung Anleitung (no header) - Gr\u00fcne Flotte Carsharing","robots":{"index":"index","follow":"follow","max-snippet":"max-snippet:-1","max-image-preview":"max-image-preview:large","max-video-preview":"max-video-preview:-1"},"canonical":"https:\/\/gruene-flotte.com\/carsharing\/registrierung-anleitung\/","og_locale":"de_DE","og_type":"article","og_title":"Registrierung Anleitung (no header) - Gr\u00fcne Flotte Carsharing","og_description":"Gr\u00fcne Flotte Carsharing Registrierung f\u00fcr Privatpersonen, Firmen, Vereine und OrganisationenUm bei uns einfach und g\u00fcnstig ein Auto buchen und spontan losfahren zu k\u00f6nnen, m\u00fcssen Sie nur Mitglied der Gr\u00fcnen Flotte werden. Im Anschluss erhalten Sie Ihre Zugangsdaten sowie Ihre Kundenkarte. \u00dcber das Carsharing-Buchungsportal auf der Homepage oder \u00fcber die Gr\u00fcne Flotte-App k\u00f6nnen Sie jederzeit ein [&hellip;]","og_url":"https:\/\/gruene-flotte.com\/carsharing\/registrierung-anleitung\/","og_site_name":"Gr\u00fcne Flotte Carsharing","article_modified_time":"2024-02-29T15:20:41+00:00","og_image":[{"width":1440,"height":1080,"url":"https:\/\/gruene-flotte.com\/carsharing\/wp-content\/uploads\/sites\/5\/2022\/05\/gruene-flotte-image.jpg","type":"image\/jpeg"}],"twitter_card":"summary_large_image","twitter_misc":{"Gesch\u00e4tzte Lesezeit":"2\u00a0Minuten"},"schema":{"@context":"https:\/\/schema.org","@graph":[{"@type":"WebPage","@id":"https:\/\/gruene-flotte.com\/carsharing\/registrierung-anleitung\/","url":"https:\/\/gruene-flotte.com\/carsharing\/registrierung-anleitung\/","name":"Registrierung Anleitung (no header) - Gr\u00fcne Flotte Carsharing","isPartOf":{"@id":"https:\/\/gruene-flotte.com\/carsharing\/#website"},"datePublished":"2022-06-21T13:31:28+00:00","dateModified":"2024-02-29T15:20:41+00:00","breadcrumb":{"@id":"https:\/\/gruene-flotte.com\/carsharing\/registrierung-anleitung\/#breadcrumb"},"inLanguage":"de","potentialAction":[{"@type":"ReadAction","target":["https:\/\/gruene-flotte.com\/carsharing\/registrierung-anleitung\/"]}]},{"@type":"BreadcrumbList","@id":"https:\/\/gruene-flotte.com\/carsharing\/registrierung-anleitung\/#breadcrumb","itemListElement":[{"@type":"ListItem","position":1,"name":"Startseite","item":"https:\/\/gruene-flotte.com\/carsharing\/"},{"@type":"ListItem","position":2,"name":"Registrierung Anleitung (no header)"}]},{"@type":"WebSite","@id":"https:\/\/gruene-flotte.com\/carsharing\/#website","url":"https:\/\/gruene-flotte.com\/carsharing\/","name":"Gr\u00fcne Flotte Carsharing","description":"Flexibel. Nachhaltig. Mobil.","publisher":{"@id":"https:\/\/gruene-flotte.com\/carsharing\/#organization"},"potentialAction":[{"@type":"SearchAction","target":{"@type":"EntryPoint","urlTemplate":"https:\/\/gruene-flotte.com\/carsharing\/?s={search_term_string}"},"query-input":{"@type":"PropertyValueSpecification","valueRequired":true,"valueName":"search_term_string"}}],"inLanguage":"de"},{"@type":"Organization","@id":"https:\/\/gruene-flotte.com\/carsharing\/#organization","name":"Gr\u00fcne Flotte Carsharing","url":"https:\/\/gruene-flotte.com\/carsharing\/","logo":{"@type":"ImageObject","inLanguage":"de","@id":"https:\/\/gruene-flotte.com\/carsharing\/#\/schema\/logo\/image\/","url":"https:\/\/gruene-flotte.com\/carsharing\/wp-content\/uploads\/sites\/5\/2023\/08\/carsharing-gruene-flotte-unternehmen-firmen.jpg","contentUrl":"https:\/\/gruene-flotte.com\/carsharing\/wp-content\/uploads\/sites\/5\/2023\/08\/carsharing-gruene-flotte-unternehmen-firmen.jpg","width":1920,"height":1280,"caption":"Gr\u00fcne Flotte Carsharing"},"image":{"@id":"https:\/\/gruene-flotte.com\/carsharing\/#\/schema\/logo\/image\/"}}]}},"_links":{"self":[{"href":"https:\/\/gruene-flotte.com\/carsharing\/wp-json\/wp\/v2\/pages\/2091","targetHints":{"allow":["GET"]}}],"collection":[{"href":"https:\/\/gruene-flotte.com\/carsharing\/wp-json\/wp\/v2\/pages"}],"about":[{"href":"https:\/\/gruene-flotte.com\/carsharing\/wp-json\/wp\/v2\/types\/page"}],"author":[{"embeddable":true,"href":"https:\/\/gruene-flotte.com\/carsharing\/wp-json\/wp\/v2\/users\/3"}],"replies":[{"embeddable":true,"href":"https:\/\/gruene-flotte.com\/carsharing\/wp-json\/wp\/v2\/comments?post=2091"}],"version-history":[{"count":2,"href":"https:\/\/gruene-flotte.com\/carsharing\/wp-json\/wp\/v2\/pages\/2091\/revisions"}],"predecessor-version":[{"id":29860,"href":"https:\/\/gruene-flotte.com\/carsharing\/wp-json\/wp\/v2\/pages\/2091\/revisions\/29860"}],"wp:attachment":[{"href":"https:\/\/gruene-flotte.com\/carsharing\/wp-json\/wp\/v2\/media?parent=2091"}],"curies":[{"name":"wp","href":"https:\/\/api.w.org\/{rel}","templated":true}]}}