{"id":616,"date":"2022-06-10T15:44:10","date_gmt":"2022-06-10T13:44:10","guid":{"rendered":"http:\/\/gruene-flotte.com\/autohaus-schmid\/?page_id=616"},"modified":"2024-03-12T11:16:05","modified_gmt":"2024-03-12T10:16:05","slug":"beratung","status":"publish","type":"page","link":"https:\/\/gruene-flotte.com\/autohaus-schmid-waldkirch\/beratung\/","title":{"rendered":"Beratung"},"content":{"rendered":"<p>[et_pb_section fb_built=&#8220;1&#8243; custom_padding_last_edited=&#8220;on|phone&#8220; _builder_version=&#8220;4.23.4&#8243; _module_preset=&#8220;default&#8220; custom_padding=&#8220;150px||||false|false&#8220; custom_padding_tablet=&#8220;150px||||false|false&#8220; custom_padding_phone=&#8220;150px|30px|50px|30px|false|false&#8220; hover_enabled=&#8220;0&#8243; global_colors_info=&#8220;{}&#8220; sticky_enabled=&#8220;0&#8243;][et_pb_row custom_padding_last_edited=&#8220;on|phone&#8220; _builder_version=&#8220;4.23.4&#8243; _module_preset=&#8220;default&#8220; width_tablet=&#8220;&#8220; width_phone=&#8220;100%&#8220; width_last_edited=&#8220;on|phone&#8220; custom_padding_tablet=&#8220;&#8220; custom_padding_phone=&#8220;||0px||false|false&#8220; global_colors_info=&#8220;{}&#8220;][et_pb_column type=&#8220;4_4&#8243; _builder_version=&#8220;4.17.4&#8243; _module_preset=&#8220;default&#8220; global_colors_info=&#8220;{}&#8220;][et_pb_text _builder_version=&#8220;4.19.0&#8243; _module_preset=&#8220;default&#8220; global_colors_info=&#8220;{}&#8220;]<\/p>\n<h1>Kauf&shy;beratung<\/h1>\n<h3>Beim Autohaus Schmid<\/h3>\n<p>[\/et_pb_text][\/et_pb_column][\/et_pb_row][et_pb_row custom_padding_last_edited=&#8220;on|phone&#8220; _builder_version=&#8220;4.23.4&#8243; _module_preset=&#8220;default&#8220; width_tablet=&#8220;&#8220; width_phone=&#8220;100%&#8220; width_last_edited=&#8220;on|phone&#8220; custom_padding_tablet=&#8220;&#8220; custom_padding_phone=&#8220;30px||30px||false|false&#8220; global_colors_info=&#8220;{}&#8220;][et_pb_column type=&#8220;4_4&#8243; _builder_version=&#8220;4.17.4&#8243; _module_preset=&#8220;default&#8220; global_colors_info=&#8220;{}&#8220;][et_pb_contact_form email=&#8220;info@autohaus-schmid.de&#8220; title=&#8220;Beratungs\u00adgespr\u00e4ch anfragen&#8220; custom_message=&#8220;Anfrage f\u00fcr %%Beratungsthema%%||et_pb_line_break_holder||||et_pb_line_break_holder||Kontaktdaten:||et_pb_line_break_holder||%%Vorname%% %%Nachname%%||et_pb_line_break_holder||%%Email%%||et_pb_line_break_holder||||et_pb_line_break_holder||Nachricht:||et_pb_line_break_holder||%%Message%%&#8220; success_message=&#8220;Vielen Dank f\u00fcr ihre Nachricht, wir melden uns schnellstm\u00f6glichst bei Ihnen.&#8220; _builder_version=&#8220;4.23.4&#8243; _module_preset=&#8220;default&#8220; _unique_id=&#8220;46b05585-2a51-4bd1-bea8-1dd15c7398d0&#8243; form_field_text_color=&#8220;#000000&#8243; form_field_focus_text_color=&#8220;#000000&#8243; title_level=&#8220;h5&#8243; custom_button=&#8220;on&#8220; button_text_color=&#8220;#FFFFFF&#8220; button_bg_color=&#8220;#113e8f&#8220; button_letter_spacing=&#8220;2px&#8220; button_use_icon=&#8220;off&#8220; global_colors_info=&#8220;{}&#8220;][et_pb_contact_field field_id=&#8220;Vorname&#8220; field_title=&#8220;Vorname&#8220; _builder_version=&#8220;4.17.4&#8243; global_colors_info=&#8220;{}&#8220; button_text_size__hover_enabled=&#8220;off&#8220; button_one_text_size__hover_enabled=&#8220;off&#8220; button_two_text_size__hover_enabled=&#8220;off&#8220; button_text_color__hover_enabled=&#8220;off&#8220; button_one_text_color__hover_enabled=&#8220;off&#8220; button_two_text_color__hover_enabled=&#8220;off&#8220; button_border_width__hover_enabled=&#8220;off&#8220; button_one_border_width__hover_enabled=&#8220;off&#8220; button_two_border_width__hover_enabled=&#8220;off&#8220; button_border_color__hover_enabled=&#8220;off&#8220; button_one_border_color__hover_enabled=&#8220;off&#8220; button_two_border_color__hover_enabled=&#8220;off&#8220; button_border_radius__hover_enabled=&#8220;off&#8220; button_one_border_radius__hover_enabled=&#8220;off&#8220; button_two_border_radius__hover_enabled=&#8220;off&#8220; button_letter_spacing__hover_enabled=&#8220;off&#8220; button_one_letter_spacing__hover_enabled=&#8220;off&#8220; button_two_letter_spacing__hover_enabled=&#8220;off&#8220; button_bg_color__hover_enabled=&#8220;off&#8220; button_one_bg_color__hover_enabled=&#8220;off&#8220; button_two_bg_color__hover_enabled=&#8220;off&#8220;][\/et_pb_contact_field][et_pb_contact_field field_id=&#8220;Nachname&#8220; field_title=&#8220;Nachname&#8220; _builder_version=&#8220;4.17.4&#8243; global_colors_info=&#8220;{}&#8220; button_text_size__hover_enabled=&#8220;off&#8220; button_one_text_size__hover_enabled=&#8220;off&#8220; button_two_text_size__hover_enabled=&#8220;off&#8220; button_text_color__hover_enabled=&#8220;off&#8220; button_one_text_color__hover_enabled=&#8220;off&#8220; button_two_text_color__hover_enabled=&#8220;off&#8220; button_border_width__hover_enabled=&#8220;off&#8220; button_one_border_width__hover_enabled=&#8220;off&#8220; button_two_border_width__hover_enabled=&#8220;off&#8220; button_border_color__hover_enabled=&#8220;off&#8220; button_one_border_color__hover_enabled=&#8220;off&#8220; button_two_border_color__hover_enabled=&#8220;off&#8220; button_border_radius__hover_enabled=&#8220;off&#8220; button_one_border_radius__hover_enabled=&#8220;off&#8220; button_two_border_radius__hover_enabled=&#8220;off&#8220; button_letter_spacing__hover_enabled=&#8220;off&#8220; button_one_letter_spacing__hover_enabled=&#8220;off&#8220; button_two_letter_spacing__hover_enabled=&#8220;off&#8220; button_bg_color__hover_enabled=&#8220;off&#8220; button_one_bg_color__hover_enabled=&#8220;off&#8220; button_two_bg_color__hover_enabled=&#8220;off&#8220;][\/et_pb_contact_field][et_pb_contact_field field_id=&#8220;Email&#8220; field_title=&#8220;E-Mail-Adresse&#8220; field_type=&#8220;email&#8220; _builder_version=&#8220;4.17.4&#8243; global_colors_info=&#8220;{}&#8220; button_text_size__hover_enabled=&#8220;off&#8220; button_one_text_size__hover_enabled=&#8220;off&#8220; button_two_text_size__hover_enabled=&#8220;off&#8220; button_text_color__hover_enabled=&#8220;off&#8220; button_one_text_color__hover_enabled=&#8220;off&#8220; button_two_text_color__hover_enabled=&#8220;off&#8220; button_border_width__hover_enabled=&#8220;off&#8220; button_one_border_width__hover_enabled=&#8220;off&#8220; button_two_border_width__hover_enabled=&#8220;off&#8220; button_border_color__hover_enabled=&#8220;off&#8220; button_one_border_color__hover_enabled=&#8220;off&#8220; button_two_border_color__hover_enabled=&#8220;off&#8220; button_border_radius__hover_enabled=&#8220;off&#8220; button_one_border_radius__hover_enabled=&#8220;off&#8220; button_two_border_radius__hover_enabled=&#8220;off&#8220; button_letter_spacing__hover_enabled=&#8220;off&#8220; button_one_letter_spacing__hover_enabled=&#8220;off&#8220; button_two_letter_spacing__hover_enabled=&#8220;off&#8220; button_bg_color__hover_enabled=&#8220;off&#8220; button_one_bg_color__hover_enabled=&#8220;off&#8220; button_two_bg_color__hover_enabled=&#8220;off&#8220;][\/et_pb_contact_field][et_pb_contact_field field_id=&#8220;Beratungsthema&#8220; field_title=&#8220;Beratungsthema&#8220; field_type=&#8220;select&#8220; select_options=&#8220;%91{%22value%22:%22Beratung Neufahrzeug%22,%22checked%22:0,%22dragID%22:-1},{%22value%22:%22Probefahrtanfrage%22,%22checked%22:0,%22dragID%22:0},{%22value%22:%22Servicetermin buchen%22,%22checked%22:0,%22dragID%22:1},{%22value%22:%22Service-Angebot%22,%22checked%22:0,%22dragID%22:2},{%22dragID%22:3,%22value%22:%22Allgemeine Anfrage%22,%22checked%22:0}%93&#8243; _builder_version=&#8220;4.17.4&#8243; _module_preset=&#8220;default&#8220; global_colors_info=&#8220;{}&#8220;][\/et_pb_contact_field][et_pb_contact_field field_id=&#8220;Message&#8220; field_title=&#8220;Nachricht&#8220; field_type=&#8220;text&#8220; fullwidth_field=&#8220;on&#8220; _builder_version=&#8220;4.17.4&#8243; global_colors_info=&#8220;{}&#8220; button_text_size__hover_enabled=&#8220;off&#8220; button_one_text_size__hover_enabled=&#8220;off&#8220; button_two_text_size__hover_enabled=&#8220;off&#8220; button_text_color__hover_enabled=&#8220;off&#8220; button_one_text_color__hover_enabled=&#8220;off&#8220; button_two_text_color__hover_enabled=&#8220;off&#8220; button_border_width__hover_enabled=&#8220;off&#8220; button_one_border_width__hover_enabled=&#8220;off&#8220; button_two_border_width__hover_enabled=&#8220;off&#8220; button_border_color__hover_enabled=&#8220;off&#8220; button_one_border_color__hover_enabled=&#8220;off&#8220; button_two_border_color__hover_enabled=&#8220;off&#8220; button_border_radius__hover_enabled=&#8220;off&#8220; button_one_border_radius__hover_enabled=&#8220;off&#8220; button_two_border_radius__hover_enabled=&#8220;off&#8220; button_letter_spacing__hover_enabled=&#8220;off&#8220; button_one_letter_spacing__hover_enabled=&#8220;off&#8220; button_two_letter_spacing__hover_enabled=&#8220;off&#8220; button_bg_color__hover_enabled=&#8220;off&#8220; button_one_bg_color__hover_enabled=&#8220;off&#8220; button_two_bg_color__hover_enabled=&#8220;off&#8220;][\/et_pb_contact_field][\/et_pb_contact_form][et_pb_divider color=&#8220;#efefef&#8220; _builder_version=&#8220;4.23.4&#8243; _module_preset=&#8220;default&#8220; custom_margin=&#8220;30px||15px||false|false&#8220; custom_margin_tablet=&#8220;30px||15px||false|false&#8220; custom_margin_phone=&#8220;30px||0px||false|false&#8220; custom_margin_last_edited=&#8220;on|phone&#8220; border_color_all=&#8220;#efefef&#8220; global_colors_info=&#8220;{}&#8220;][\/et_pb_divider][\/et_pb_column][\/et_pb_row][et_pb_row column_structure=&#8220;1_3,1_3,1_3&#8243; custom_padding_last_edited=&#8220;on|phone&#8220; _builder_version=&#8220;4.23.4&#8243; _module_preset=&#8220;default&#8220; width_tablet=&#8220;&#8220; width_phone=&#8220;100%&#8220; width_last_edited=&#8220;on|phone&#8220; custom_padding_tablet=&#8220;&#8220; custom_padding_phone=&#8220;0px||0px||false|false&#8220; global_colors_info=&#8220;{}&#8220;][et_pb_column type=&#8220;1_3&#8243; _builder_version=&#8220;4.17.4&#8243; _module_preset=&#8220;default&#8220; global_colors_info=&#8220;{}&#8220;][et_pb_team_member name=&#8220;Tommy K\u00fcnzel&#8220; position=&#8220;Verkaufsleiter Ford&#8220; image_url=&#8220;https:\/\/gruene-flotte.com\/autohaus-schmid-waldkirch\/wp-content\/uploads\/sites\/3\/2022\/06\/128538_2392x1786__177.jpg&#8220; _builder_version=&#8220;4.17.4&#8243; _module_preset=&#8220;default&#8220; header_font=&#8220;|700|||||||&#8220; background_color=&#8220;RGBA(255,255,255,0)&#8220; custom_margin=&#8220;||20px||false|false&#8220; custom_padding=&#8220;20px|20px|20px|20px|false|false&#8220; border_width_all=&#8220;1px&#8220; border_color_all=&#8220;#efefef&#8220; global_colors_info=&#8220;{}&#8220;]<span>Telefon 07681 474008 0<\/span><br \/>\n<span>Telefax 07681 474008 22<\/span><br \/>\n<a href=\"mailto:t.kuenzel@autohaus-schmid.de\">Email<\/a>[\/et_pb_team_member][\/et_pb_column][et_pb_column type=&#8220;1_3&#8243; _builder_version=&#8220;4.17.4&#8243; _module_preset=&#8220;default&#8220; global_colors_info=&#8220;{}&#8220;][et_pb_team_member name=&#8220;Sabine Schmid&#8220; position=&#8220;Gesch\u00e4ftsf\u00fchrung Leitung Urlaubsflotte&#8220; image_url=&#8220;https:\/\/gruene-flotte.com\/autohaus-schmid-waldkirch\/wp-content\/uploads\/sites\/3\/2023\/07\/gruene-flotte-autohaus-schmid-personal-sabine-schmid.jpg&#8220; _builder_version=&#8220;4.19.0&#8243; _module_preset=&#8220;default&#8220; header_font=&#8220;|700|||||||&#8220; background_color=&#8220;RGBA(255,255,255,0)&#8220; custom_margin=&#8220;||20px||false|false&#8220; custom_padding=&#8220;20px|20px|20px|20px|false|false&#8220; border_width_all=&#8220;1px&#8220; border_color_all=&#8220;#efefef&#8220; global_colors_info=&#8220;{}&#8220;]<span>Telefon 07681 474008 0<\/span><br \/>\n<span>Telefax 07681 474008 22<\/span><br \/>\n<a href=\"mailto:s.schmid@autohaus-schmid.de\">Email<\/a>[\/et_pb_team_member][\/et_pb_column][et_pb_column type=&#8220;1_3&#8243; _builder_version=&#8220;4.17.4&#8243; _module_preset=&#8220;default&#8220; global_colors_info=&#8220;{}&#8220;][et_pb_team_member name=&#8220;Torsten Schmid&#8220; position=&#8220;Gesch\u00e4ftsf\u00fchrung Leitung Ford &#038; Gr\u00fcne Flotte&#8220; image_url=&#8220;https:\/\/gruene-flotte.com\/autohaus-schmid-waldkirch\/wp-content\/uploads\/sites\/3\/2023\/07\/gruene-flotte-autohaus-schmid-personal-torsten-schmid.jpg&#8220; _builder_version=&#8220;4.19.0&#8243; _module_preset=&#8220;default&#8220; header_font=&#8220;|700|||||||&#8220; background_color=&#8220;RGBA(255,255,255,0)&#8220; custom_margin=&#8220;||20px||false|false&#8220; custom_padding=&#8220;20px|20px|20px|20px|false|false&#8220; border_width_all=&#8220;1px&#8220; border_color_all=&#8220;#efefef&#8220; global_colors_info=&#8220;{}&#8220;]<span>Telefon 07681 474008 0<\/span><br \/>\n<span>Telefax 07681 474008 22<\/span><br \/>\n<a href=\"mailto:t.schmid@autohaus-schmid.de\">Email<\/a>[\/et_pb_team_member][\/et_pb_column][\/et_pb_row][\/et_pb_section]<\/p>\n","protected":false},"excerpt":{"rendered":"<p>Kauf&shy;beratung Beim Autohaus SchmidTelefon 07681 474008 0 Telefax 07681 474008 22 EmailTelefon 07681 474008 0 Telefax 07681 474008 22 EmailTelefon 07681 474008 0 Telefax 07681 474008 22 Email<\/p>\n","protected":false},"author":3,"featured_media":0,"parent":0,"menu_order":4,"comment_status":"closed","ping_status":"closed","template":"","meta":{"_acf_changed":false,"_et_pb_use_builder":"on","_et_pb_old_content":"","_et_gb_content_width":"","inline_featured_image":false,"footnotes":""},"class_list":["post-616","page","type-page","status-publish","hentry"],"acf":[],"yoast_head":"<!-- This site is optimized with the Yoast SEO plugin v24.0 - https:\/\/yoast.com\/wordpress\/plugins\/seo\/ -->\n<title>Beratung - Autohaus Schmid Waldkirch<\/title>\n<meta name=\"robots\" content=\"index, follow, max-snippet:-1, max-image-preview:large, max-video-preview:-1\" \/>\n<link rel=\"canonical\" href=\"https:\/\/gruene-flotte.com\/autohaus-schmid-waldkirch\/beratung\/\" \/>\n<meta property=\"og:locale\" content=\"de_DE\" \/>\n<meta property=\"og:type\" content=\"article\" \/>\n<meta property=\"og:title\" content=\"Beratung - Autohaus Schmid Waldkirch\" \/>\n<meta property=\"og:description\" content=\"Kauf&shy;beratung Beim Autohaus SchmidTelefon 07681 474008 0 Telefax 07681 474008 22 EmailTelefon 07681 474008 0 Telefax 07681 474008 22 EmailTelefon 07681 474008 0 Telefax 07681 474008 22 Email\" \/>\n<meta property=\"og:url\" content=\"https:\/\/gruene-flotte.com\/autohaus-schmid-waldkirch\/beratung\/\" \/>\n<meta property=\"og:site_name\" content=\"Autohaus Schmid Waldkirch\" \/>\n<meta property=\"article:modified_time\" content=\"2024-03-12T10:16:05+00:00\" \/>\n<meta name=\"twitter:card\" content=\"summary_large_image\" \/>\n<meta name=\"twitter:label1\" content=\"Gesch\u00e4tzte Lesezeit\" \/>\n\t<meta name=\"twitter:data1\" content=\"1\u00a0Minute\" \/>\n<script type=\"application\/ld+json\" class=\"yoast-schema-graph\">{\"@context\":\"https:\/\/schema.org\",\"@graph\":[{\"@type\":\"WebPage\",\"@id\":\"https:\/\/gruene-flotte.com\/autohaus-schmid-waldkirch\/beratung\/\",\"url\":\"https:\/\/gruene-flotte.com\/autohaus-schmid-waldkirch\/beratung\/\",\"name\":\"Beratung - Autohaus Schmid Waldkirch\",\"isPartOf\":{\"@id\":\"https:\/\/gruene-flotte.com\/autohaus-schmid-waldkirch\/#website\"},\"datePublished\":\"2022-06-10T13:44:10+00:00\",\"dateModified\":\"2024-03-12T10:16:05+00:00\",\"breadcrumb\":{\"@id\":\"https:\/\/gruene-flotte.com\/autohaus-schmid-waldkirch\/beratung\/#breadcrumb\"},\"inLanguage\":\"de\",\"potentialAction\":[{\"@type\":\"ReadAction\",\"target\":[\"https:\/\/gruene-flotte.com\/autohaus-schmid-waldkirch\/beratung\/\"]}]},{\"@type\":\"BreadcrumbList\",\"@id\":\"https:\/\/gruene-flotte.com\/autohaus-schmid-waldkirch\/beratung\/#breadcrumb\",\"itemListElement\":[{\"@type\":\"ListItem\",\"position\":1,\"name\":\"Startseite\",\"item\":\"https:\/\/gruene-flotte.com\/autohaus-schmid-waldkirch\/\"},{\"@type\":\"ListItem\",\"position\":2,\"name\":\"Beratung\"}]},{\"@type\":\"WebSite\",\"@id\":\"https:\/\/gruene-flotte.com\/autohaus-schmid-waldkirch\/#website\",\"url\":\"https:\/\/gruene-flotte.com\/autohaus-schmid-waldkirch\/\",\"name\":\"Autohaus Schmid Waldkirch\",\"description\":\"Ford. Neuwagen. Gebrauchtwagen.\",\"publisher\":{\"@id\":\"https:\/\/gruene-flotte.com\/autohaus-schmid-waldkirch\/#organization\"},\"potentialAction\":[{\"@type\":\"SearchAction\",\"target\":{\"@type\":\"EntryPoint\",\"urlTemplate\":\"https:\/\/gruene-flotte.com\/autohaus-schmid-waldkirch\/?s={search_term_string}\"},\"query-input\":{\"@type\":\"PropertyValueSpecification\",\"valueRequired\":true,\"valueName\":\"search_term_string\"}}],\"inLanguage\":\"de\"},{\"@type\":\"Organization\",\"@id\":\"https:\/\/gruene-flotte.com\/autohaus-schmid-waldkirch\/#organization\",\"name\":\"Autohaus Schmid Waldkirch\",\"url\":\"https:\/\/gruene-flotte.com\/autohaus-schmid-waldkirch\/\",\"logo\":{\"@type\":\"ImageObject\",\"inLanguage\":\"de\",\"@id\":\"https:\/\/gruene-flotte.com\/autohaus-schmid-waldkirch\/#\/schema\/logo\/image\/\",\"url\":\"https:\/\/gruene-flotte.com\/autohaus-schmid-waldkirch\/wp-content\/uploads\/sites\/3\/2022\/07\/DJI_0162.webp\",\"contentUrl\":\"https:\/\/gruene-flotte.com\/autohaus-schmid-waldkirch\/wp-content\/uploads\/sites\/3\/2022\/07\/DJI_0162.webp\",\"width\":1920,\"height\":1080,\"caption\":\"Autohaus Schmid Waldkirch\"},\"image\":{\"@id\":\"https:\/\/gruene-flotte.com\/autohaus-schmid-waldkirch\/#\/schema\/logo\/image\/\"}}]}<\/script>\n<!-- \/ Yoast SEO plugin. -->","yoast_head_json":{"title":"Beratung - Autohaus Schmid Waldkirch","robots":{"index":"index","follow":"follow","max-snippet":"max-snippet:-1","max-image-preview":"max-image-preview:large","max-video-preview":"max-video-preview:-1"},"canonical":"https:\/\/gruene-flotte.com\/autohaus-schmid-waldkirch\/beratung\/","og_locale":"de_DE","og_type":"article","og_title":"Beratung - Autohaus Schmid Waldkirch","og_description":"Kauf&shy;beratung Beim Autohaus SchmidTelefon 07681 474008 0 Telefax 07681 474008 22 EmailTelefon 07681 474008 0 Telefax 07681 474008 22 EmailTelefon 07681 474008 0 Telefax 07681 474008 22 Email","og_url":"https:\/\/gruene-flotte.com\/autohaus-schmid-waldkirch\/beratung\/","og_site_name":"Autohaus Schmid Waldkirch","article_modified_time":"2024-03-12T10:16:05+00:00","twitter_card":"summary_large_image","twitter_misc":{"Gesch\u00e4tzte Lesezeit":"1\u00a0Minute"},"schema":{"@context":"https:\/\/schema.org","@graph":[{"@type":"WebPage","@id":"https:\/\/gruene-flotte.com\/autohaus-schmid-waldkirch\/beratung\/","url":"https:\/\/gruene-flotte.com\/autohaus-schmid-waldkirch\/beratung\/","name":"Beratung - Autohaus Schmid Waldkirch","isPartOf":{"@id":"https:\/\/gruene-flotte.com\/autohaus-schmid-waldkirch\/#website"},"datePublished":"2022-06-10T13:44:10+00:00","dateModified":"2024-03-12T10:16:05+00:00","breadcrumb":{"@id":"https:\/\/gruene-flotte.com\/autohaus-schmid-waldkirch\/beratung\/#breadcrumb"},"inLanguage":"de","potentialAction":[{"@type":"ReadAction","target":["https:\/\/gruene-flotte.com\/autohaus-schmid-waldkirch\/beratung\/"]}]},{"@type":"BreadcrumbList","@id":"https:\/\/gruene-flotte.com\/autohaus-schmid-waldkirch\/beratung\/#breadcrumb","itemListElement":[{"@type":"ListItem","position":1,"name":"Startseite","item":"https:\/\/gruene-flotte.com\/autohaus-schmid-waldkirch\/"},{"@type":"ListItem","position":2,"name":"Beratung"}]},{"@type":"WebSite","@id":"https:\/\/gruene-flotte.com\/autohaus-schmid-waldkirch\/#website","url":"https:\/\/gruene-flotte.com\/autohaus-schmid-waldkirch\/","name":"Autohaus Schmid Waldkirch","description":"Ford. Neuwagen. Gebrauchtwagen.","publisher":{"@id":"https:\/\/gruene-flotte.com\/autohaus-schmid-waldkirch\/#organization"},"potentialAction":[{"@type":"SearchAction","target":{"@type":"EntryPoint","urlTemplate":"https:\/\/gruene-flotte.com\/autohaus-schmid-waldkirch\/?s={search_term_string}"},"query-input":{"@type":"PropertyValueSpecification","valueRequired":true,"valueName":"search_term_string"}}],"inLanguage":"de"},{"@type":"Organization","@id":"https:\/\/gruene-flotte.com\/autohaus-schmid-waldkirch\/#organization","name":"Autohaus Schmid Waldkirch","url":"https:\/\/gruene-flotte.com\/autohaus-schmid-waldkirch\/","logo":{"@type":"ImageObject","inLanguage":"de","@id":"https:\/\/gruene-flotte.com\/autohaus-schmid-waldkirch\/#\/schema\/logo\/image\/","url":"https:\/\/gruene-flotte.com\/autohaus-schmid-waldkirch\/wp-content\/uploads\/sites\/3\/2022\/07\/DJI_0162.webp","contentUrl":"https:\/\/gruene-flotte.com\/autohaus-schmid-waldkirch\/wp-content\/uploads\/sites\/3\/2022\/07\/DJI_0162.webp","width":1920,"height":1080,"caption":"Autohaus Schmid Waldkirch"},"image":{"@id":"https:\/\/gruene-flotte.com\/autohaus-schmid-waldkirch\/#\/schema\/logo\/image\/"}}]}},"_links":{"self":[{"href":"https:\/\/gruene-flotte.com\/autohaus-schmid-waldkirch\/wp-json\/wp\/v2\/pages\/616","targetHints":{"allow":["GET"]}}],"collection":[{"href":"https:\/\/gruene-flotte.com\/autohaus-schmid-waldkirch\/wp-json\/wp\/v2\/pages"}],"about":[{"href":"https:\/\/gruene-flotte.com\/autohaus-schmid-waldkirch\/wp-json\/wp\/v2\/types\/page"}],"author":[{"embeddable":true,"href":"https:\/\/gruene-flotte.com\/autohaus-schmid-waldkirch\/wp-json\/wp\/v2\/users\/3"}],"replies":[{"embeddable":true,"href":"https:\/\/gruene-flotte.com\/autohaus-schmid-waldkirch\/wp-json\/wp\/v2\/comments?post=616"}],"version-history":[{"count":30,"href":"https:\/\/gruene-flotte.com\/autohaus-schmid-waldkirch\/wp-json\/wp\/v2\/pages\/616\/revisions"}],"predecessor-version":[{"id":1014,"href":"https:\/\/gruene-flotte.com\/autohaus-schmid-waldkirch\/wp-json\/wp\/v2\/pages\/616\/revisions\/1014"}],"wp:attachment":[{"href":"https:\/\/gruene-flotte.com\/autohaus-schmid-waldkirch\/wp-json\/wp\/v2\/media?parent=616"}],"curies":[{"name":"wp","href":"https:\/\/api.w.org\/{rel}","templated":true}]}}